{"id":8049,"date":"2025-12-11T07:34:59","date_gmt":"2025-12-11T07:34:59","guid":{"rendered":"https:\/\/www.inoxidables.com\/catalogue-flexinox-pool-2026\/"},"modified":"2026-01-09T11:31:57","modified_gmt":"2026-01-09T11:31:57","slug":"catalogue-flexinox-pool-2026","status":"publish","type":"page","link":"https:\/\/www.inoxidables.com\/fr\/catalogue-flexinox-pool-2026\/","title":{"rendered":"Catalogue Flexinox Pool 2026"},"content":{"rendered":"<div class=\"gb-container gb-container-699413f4\">\n<div class=\"gb-container gb-container-be1ecff5\">\n<div class=\"gb-grid-wrapper gb-grid-wrapper-d0fcf780\">\n<div class=\"gb-grid-column gb-grid-column-c7889efb\"><div class=\"gb-container gb-container-c7889efb\">\n\n<div class=\"wp-block-ab-animate\" data-scroll-threshold=\"50\">\n<h6 class=\"gb-headline gb-headline-3356b8e0 gb-headline-text\">D\u00e9couvrez le nouveau Catalogue Flexinox Pool 2026<\/h6>\n\n\n\n<h1 class=\"gb-headline gb-headline-396a9b33 gb-headline-text\">Catalogue Flexinox Pool 2026<\/h1>\n\n\n\n<p class=\"gb-headline gb-headline-4a6f043b gb-headline-text\">Explorez nos nouvelles collections, accessoires et syst\u00e8mes en acier inoxydable con\u00e7us pour des installations plus robustes, s\u00fbres et esth\u00e9tiquement parfaites. Tout ce dont vous avez besoin, dans un format num\u00e9rique pratique et visuel. <\/p>\n<\/div>\n\n<\/div><\/div>\n<\/div>\n<\/div>\n<\/div><div class=\"gb-container gb-container-f312eebf\">\n<div class=\"gb-grid-wrapper gb-grid-wrapper-1d8f6ca9\">\n<div class=\"gb-grid-column gb-grid-column-8003a83a\"><div class=\"gb-container gb-container-8003a83a\">\n\n<figure class=\"gb-block-image gb-block-image-70623389\"><img loading=\"lazy\" decoding=\"async\" width=\"300\" height=\"169\" class=\"gb-image gb-image-70623389\" src=\"https:\/\/www.inoxidables.com\/wp-content\/uploads\/2025\/12\/Logo_FleixnoxPool_White-300x169.png\" alt=\"Logo Flexinox Pool\" title=\"Logo_FleixnoxPool_White\" srcset=\"https:\/\/www.inoxidables.com\/wp-content\/uploads\/2025\/12\/Logo_FleixnoxPool_White-300x169.png 300w, https:\/\/www.inoxidables.com\/wp-content\/uploads\/2025\/12\/Logo_FleixnoxPool_White-1024x576.png 1024w, https:\/\/www.inoxidables.com\/wp-content\/uploads\/2025\/12\/Logo_FleixnoxPool_White-768x432.png 768w, https:\/\/www.inoxidables.com\/wp-content\/uploads\/2025\/12\/Logo_FleixnoxPool_White-1536x864.png 1536w, https:\/\/www.inoxidables.com\/wp-content\/uploads\/2025\/12\/Logo_FleixnoxPool_White-600x338.png 600w, https:\/\/www.inoxidables.com\/wp-content\/uploads\/2025\/12\/Logo_FleixnoxPool_White-280x158.png 280w, https:\/\/www.inoxidables.com\/wp-content\/uploads\/2025\/12\/Logo_FleixnoxPool_White.png 1920w\" sizes=\"auto, (max-width: 300px) 100vw, 300px\" \/><\/figure>\n\n<\/div><\/div>\n\n<div class=\"gb-grid-column gb-grid-column-ba9fe6ba\"><div class=\"gb-container gb-container-ba9fe6ba\">\n\n<figure class=\"gb-block-image gb-block-image-93561f53\"><img loading=\"lazy\" decoding=\"async\" width=\"300\" height=\"169\" class=\"gb-image gb-image-93561f53\" src=\"https:\/\/www.inoxidables.com\/wp-content\/uploads\/2025\/12\/Logo_Nero_white-300x169.png\" alt=\"Logo Nero\" title=\"Logo_Nero_white\" srcset=\"https:\/\/www.inoxidables.com\/wp-content\/uploads\/2025\/12\/Logo_Nero_white-300x169.png 300w, https:\/\/www.inoxidables.com\/wp-content\/uploads\/2025\/12\/Logo_Nero_white-1024x576.png 1024w, https:\/\/www.inoxidables.com\/wp-content\/uploads\/2025\/12\/Logo_Nero_white-768x432.png 768w, https:\/\/www.inoxidables.com\/wp-content\/uploads\/2025\/12\/Logo_Nero_white-1536x864.png 1536w, https:\/\/www.inoxidables.com\/wp-content\/uploads\/2025\/12\/Logo_Nero_white-600x338.png 600w, https:\/\/www.inoxidables.com\/wp-content\/uploads\/2025\/12\/Logo_Nero_white-280x158.png 280w, https:\/\/www.inoxidables.com\/wp-content\/uploads\/2025\/12\/Logo_Nero_white.png 1920w\" sizes=\"auto, (max-width: 300px) 100vw, 300px\" \/><\/figure>\n\n<\/div><\/div>\n\n<div class=\"gb-grid-column gb-grid-column-2460db1c\"><div class=\"gb-container gb-container-2460db1c\">\n\n<figure class=\"gb-block-image gb-block-image-94f1bd08\"><img loading=\"lazy\" decoding=\"async\" width=\"300\" height=\"169\" class=\"gb-image gb-image-94f1bd08\" src=\"https:\/\/www.inoxidables.com\/wp-content\/uploads\/2025\/12\/Logo_ELITE_white-300x169.png\" alt=\"Logo Elite\" title=\"Logo_ELITE_white\" srcset=\"https:\/\/www.inoxidables.com\/wp-content\/uploads\/2025\/12\/Logo_ELITE_white-300x169.png 300w, https:\/\/www.inoxidables.com\/wp-content\/uploads\/2025\/12\/Logo_ELITE_white-1024x576.png 1024w, https:\/\/www.inoxidables.com\/wp-content\/uploads\/2025\/12\/Logo_ELITE_white-768x432.png 768w, https:\/\/www.inoxidables.com\/wp-content\/uploads\/2025\/12\/Logo_ELITE_white-1536x864.png 1536w, https:\/\/www.inoxidables.com\/wp-content\/uploads\/2025\/12\/Logo_ELITE_white-600x338.png 600w, https:\/\/www.inoxidables.com\/wp-content\/uploads\/2025\/12\/Logo_ELITE_white-280x158.png 280w, https:\/\/www.inoxidables.com\/wp-content\/uploads\/2025\/12\/Logo_ELITE_white.png 1920w\" sizes=\"auto, (max-width: 300px) 100vw, 300px\" \/><\/figure>\n\n<\/div><\/div>\n<\/div>\n<\/div><div class=\"_df_book df-lite\" id=\"df_8086\"  _slug=\"8086\" data-title=\"flexinox-pool-catalog-2026\" wpoptions=\"true\" thumb=\"https:\/\/www.inoxidables.com\/wp-content\/uploads\/2025\/12\/Diseno-sin-titulo.gif\" thumbtype=\"\" ><\/div><script class=\"df-shortcode-script\" nowprocket type=\"application\/javascript\">window.option_df_8086 = {\"outline\":[],\"autoEnableOutline\":\"false\",\"autoEnableThumbnail\":\"false\",\"overwritePDFOutline\":\"false\",\"direction\":\"1\",\"pageSize\":\"0\",\"source\":\"https:\\\/\\\/www.inoxidables.com\\\/wp-content\\\/uploads\\\/2025\\\/12\\\/Flexinox-Pool-Catalog-2026.pdf\",\"wpOptions\":\"true\"}; if(window.DFLIP && window.DFLIP.parseBooks){window.DFLIP.parseBooks();}<\/script>\n<div class=\"gb-container gb-container-3c429d0b\">\n<div class=\"gb-grid-wrapper gb-grid-wrapper-2b828bf8\">\n<div class=\"gb-grid-column gb-grid-column-6dcbee3b\"><div class=\"gb-container gb-container-6dcbee3b\">\n\n<h2 class=\"gb-headline gb-headline-b99fea08 gb-headline-text\">Acc\u00e9dez au catalogue num\u00e9rique en format interactif<\/h2>\n\n\n\n<p>D\u00e9couvrez le <strong>Catalogue Flexinox Pool 2026<\/strong>, incluant toutes nos r\u00e9f\u00e9rences\u2014<strong>NERO<\/strong> et <strong>ELITE <\/strong>inclus !<\/p>\n\n\n\n<p>Le guide le plus complet regroupant toutes nos solutions en acier inoxydable pour piscines. Consultez notre nouveau flipbook en ligne et explorez, de mani\u00e8re pratique et visuelle, chaque produit con\u00e7u pour offrir une qualit\u00e9, une durabilit\u00e9 et une efficacit\u00e9 maximales dans les installations aquatiques. <\/p>\n\n\n\n<p><br\/>Acc\u00e9dez au catalogue depuis n\u2019importe quel appareil et trouvez facilement les accessoires, composants et syst\u00e8mes qui am\u00e9liorent les performances et l\u2019esth\u00e9tique de votre piscine.<\/p>\n\n<\/div><\/div>\n\n<div class=\"gb-grid-column gb-grid-column-85c3d9ce\"><div class=\"gb-container gb-container-85c3d9ce\"><\/div><\/div>\n<\/div>\n<\/div><div class=\"gb-container gb-container-861e38a0\"><\/div>\n<p><\/p>\n","protected":false},"excerpt":{"rendered":"","protected":false},"author":2,"featured_media":0,"parent":0,"menu_order":0,"comment_status":"closed","ping_status":"closed","template":"","meta":{"_coblocks_attr":"","_coblocks_dimensions":"","_coblocks_responsive_height":"","_coblocks_accordion_ie_support":"","footnotes":""},"class_list":["post-8049","page","type-page","status-publish"],"yoast_head":"<!-- This site is optimized with the Yoast SEO plugin v25.4 - https:\/\/yoast.com\/wordpress\/plugins\/seo\/ -->\n<title>Catalogue Flexinox Pool 2026 - Filinox | Soluciones de acero inoxidable<\/title>\n<meta name=\"robots\" content=\"index, follow, max-snippet:-1, max-image-preview:large, max-video-preview:-1\" \/>\n<link rel=\"canonical\" href=\"https:\/\/www.inoxidables.com\/fr\/catalogue-flexinox-pool-2026\/\" \/>\n<meta property=\"og:locale\" content=\"fr_FR\" \/>\n<meta property=\"og:type\" content=\"article\" \/>\n<meta property=\"og:title\" content=\"Catalogue Flexinox Pool 2026 - Filinox | Soluciones de acero inoxidable\" \/>\n<meta property=\"og:url\" content=\"https:\/\/www.inoxidables.com\/fr\/catalogue-flexinox-pool-2026\/\" \/>\n<meta property=\"og:site_name\" content=\"Filinox | Soluciones de acero inoxidable\" \/>\n<meta property=\"article:modified_time\" content=\"2026-01-09T11:31:57+00:00\" \/>\n<meta property=\"og:image\" content=\"https:\/\/www.inoxidables.com\/wp-content\/uploads\/2025\/12\/Logo_FleixnoxPool_White-300x169.png\" \/>\n<meta name=\"twitter:card\" content=\"summary_large_image\" \/>\n<meta name=\"twitter:label1\" content=\"Dur\u00e9e de lecture estim\u00e9e\" \/>\n\t<meta name=\"twitter:data1\" content=\"2 minutes\" \/>\n<script type=\"application\/ld+json\" class=\"yoast-schema-graph\">{\"@context\":\"https:\/\/schema.org\",\"@graph\":[{\"@type\":\"WebPage\",\"@id\":\"https:\/\/www.inoxidables.com\/fr\/catalogue-flexinox-pool-2026\/\",\"url\":\"https:\/\/www.inoxidables.com\/fr\/catalogue-flexinox-pool-2026\/\",\"name\":\"Catalogue Flexinox Pool 2026 - Filinox | Soluciones de acero inoxidable\",\"isPartOf\":{\"@id\":\"https:\/\/www.inoxidables.com\/fr\/#website\"},\"primaryImageOfPage\":{\"@id\":\"https:\/\/www.inoxidables.com\/fr\/catalogue-flexinox-pool-2026\/#primaryimage\"},\"image\":{\"@id\":\"https:\/\/www.inoxidables.com\/fr\/catalogue-flexinox-pool-2026\/#primaryimage\"},\"thumbnailUrl\":\"https:\/\/www.inoxidables.com\/wp-content\/uploads\/2025\/12\/Logo_FleixnoxPool_White-300x169.png\",\"datePublished\":\"2025-12-11T07:34:59+00:00\",\"dateModified\":\"2026-01-09T11:31:57+00:00\",\"breadcrumb\":{\"@id\":\"https:\/\/www.inoxidables.com\/fr\/catalogue-flexinox-pool-2026\/#breadcrumb\"},\"inLanguage\":\"fr-FR\",\"potentialAction\":[{\"@type\":\"ReadAction\",\"target\":[\"https:\/\/www.inoxidables.com\/fr\/catalogue-flexinox-pool-2026\/\"]}]},{\"@type\":\"ImageObject\",\"inLanguage\":\"fr-FR\",\"@id\":\"https:\/\/www.inoxidables.com\/fr\/catalogue-flexinox-pool-2026\/#primaryimage\",\"url\":\"https:\/\/www.inoxidables.com\/wp-content\/uploads\/2025\/12\/Logo_FleixnoxPool_White-300x169.png\",\"contentUrl\":\"https:\/\/www.inoxidables.com\/wp-content\/uploads\/2025\/12\/Logo_FleixnoxPool_White-300x169.png\"},{\"@type\":\"BreadcrumbList\",\"@id\":\"https:\/\/www.inoxidables.com\/fr\/catalogue-flexinox-pool-2026\/#breadcrumb\",\"itemListElement\":[{\"@type\":\"ListItem\",\"position\":1,\"name\":\"Home\",\"item\":\"https:\/\/www.inoxidables.com\/fr\/\"},{\"@type\":\"ListItem\",\"position\":2,\"name\":\"Catalogue Flexinox Pool 2026\"}]},{\"@type\":\"WebSite\",\"@id\":\"https:\/\/www.inoxidables.com\/fr\/#website\",\"url\":\"https:\/\/www.inoxidables.com\/fr\/\",\"name\":\"Filinox - soluciones de acero inoxidable\",\"description\":\"Soluciones de acero inoxidable\",\"publisher\":{\"@id\":\"https:\/\/www.inoxidables.com\/fr\/#organization\"},\"alternateName\":\"Filinox\",\"potentialAction\":[{\"@type\":\"SearchAction\",\"target\":{\"@type\":\"EntryPoint\",\"urlTemplate\":\"https:\/\/www.inoxidables.com\/fr\/?s={search_term_string}\"},\"query-input\":{\"@type\":\"PropertyValueSpecification\",\"valueRequired\":true,\"valueName\":\"search_term_string\"}}],\"inLanguage\":\"fr-FR\"},{\"@type\":\"Organization\",\"@id\":\"https:\/\/www.inoxidables.com\/fr\/#organization\",\"name\":\"Filinox - soluciones de acero inoxidable\",\"url\":\"https:\/\/www.inoxidables.com\/fr\/\",\"logo\":{\"@type\":\"ImageObject\",\"inLanguage\":\"fr-FR\",\"@id\":\"https:\/\/www.inoxidables.com\/fr\/#\/schema\/logo\/image\/\",\"url\":\"https:\/\/www.inoxidables.com\/wp-content\/uploads\/2025\/06\/cropped-60-1-scaled-1.png\",\"contentUrl\":\"https:\/\/www.inoxidables.com\/wp-content\/uploads\/2025\/06\/cropped-60-1-scaled-1.png\",\"width\":2559,\"height\":513,\"caption\":\"Filinox - soluciones de acero inoxidable\"},\"image\":{\"@id\":\"https:\/\/www.inoxidables.com\/fr\/#\/schema\/logo\/image\/\"}}]}<\/script>\n<!-- \/ Yoast SEO plugin. -->","yoast_head_json":{"title":"Catalogue Flexinox Pool 2026 - Filinox | Soluciones de acero inoxidable","robots":{"index":"index","follow":"follow","max-snippet":"max-snippet:-1","max-image-preview":"max-image-preview:large","max-video-preview":"max-video-preview:-1"},"canonical":"https:\/\/www.inoxidables.com\/fr\/catalogue-flexinox-pool-2026\/","og_locale":"fr_FR","og_type":"article","og_title":"Catalogue Flexinox Pool 2026 - Filinox | Soluciones de acero inoxidable","og_url":"https:\/\/www.inoxidables.com\/fr\/catalogue-flexinox-pool-2026\/","og_site_name":"Filinox | Soluciones de acero inoxidable","article_modified_time":"2026-01-09T11:31:57+00:00","og_image":[{"url":"https:\/\/www.inoxidables.com\/wp-content\/uploads\/2025\/12\/Logo_FleixnoxPool_White-300x169.png","type":"","width":"","height":""}],"twitter_card":"summary_large_image","twitter_misc":{"Dur\u00e9e de lecture estim\u00e9e":"2 minutes"},"schema":{"@context":"https:\/\/schema.org","@graph":[{"@type":"WebPage","@id":"https:\/\/www.inoxidables.com\/fr\/catalogue-flexinox-pool-2026\/","url":"https:\/\/www.inoxidables.com\/fr\/catalogue-flexinox-pool-2026\/","name":"Catalogue Flexinox Pool 2026 - Filinox | Soluciones de acero inoxidable","isPartOf":{"@id":"https:\/\/www.inoxidables.com\/fr\/#website"},"primaryImageOfPage":{"@id":"https:\/\/www.inoxidables.com\/fr\/catalogue-flexinox-pool-2026\/#primaryimage"},"image":{"@id":"https:\/\/www.inoxidables.com\/fr\/catalogue-flexinox-pool-2026\/#primaryimage"},"thumbnailUrl":"https:\/\/www.inoxidables.com\/wp-content\/uploads\/2025\/12\/Logo_FleixnoxPool_White-300x169.png","datePublished":"2025-12-11T07:34:59+00:00","dateModified":"2026-01-09T11:31:57+00:00","breadcrumb":{"@id":"https:\/\/www.inoxidables.com\/fr\/catalogue-flexinox-pool-2026\/#breadcrumb"},"inLanguage":"fr-FR","potentialAction":[{"@type":"ReadAction","target":["https:\/\/www.inoxidables.com\/fr\/catalogue-flexinox-pool-2026\/"]}]},{"@type":"ImageObject","inLanguage":"fr-FR","@id":"https:\/\/www.inoxidables.com\/fr\/catalogue-flexinox-pool-2026\/#primaryimage","url":"https:\/\/www.inoxidables.com\/wp-content\/uploads\/2025\/12\/Logo_FleixnoxPool_White-300x169.png","contentUrl":"https:\/\/www.inoxidables.com\/wp-content\/uploads\/2025\/12\/Logo_FleixnoxPool_White-300x169.png"},{"@type":"BreadcrumbList","@id":"https:\/\/www.inoxidables.com\/fr\/catalogue-flexinox-pool-2026\/#breadcrumb","itemListElement":[{"@type":"ListItem","position":1,"name":"Home","item":"https:\/\/www.inoxidables.com\/fr\/"},{"@type":"ListItem","position":2,"name":"Catalogue Flexinox Pool 2026"}]},{"@type":"WebSite","@id":"https:\/\/www.inoxidables.com\/fr\/#website","url":"https:\/\/www.inoxidables.com\/fr\/","name":"Filinox - soluciones de acero inoxidable","description":"Soluciones de acero inoxidable","publisher":{"@id":"https:\/\/www.inoxidables.com\/fr\/#organization"},"alternateName":"Filinox","potentialAction":[{"@type":"SearchAction","target":{"@type":"EntryPoint","urlTemplate":"https:\/\/www.inoxidables.com\/fr\/?s={search_term_string}"},"query-input":{"@type":"PropertyValueSpecification","valueRequired":true,"valueName":"search_term_string"}}],"inLanguage":"fr-FR"},{"@type":"Organization","@id":"https:\/\/www.inoxidables.com\/fr\/#organization","name":"Filinox - soluciones de acero inoxidable","url":"https:\/\/www.inoxidables.com\/fr\/","logo":{"@type":"ImageObject","inLanguage":"fr-FR","@id":"https:\/\/www.inoxidables.com\/fr\/#\/schema\/logo\/image\/","url":"https:\/\/www.inoxidables.com\/wp-content\/uploads\/2025\/06\/cropped-60-1-scaled-1.png","contentUrl":"https:\/\/www.inoxidables.com\/wp-content\/uploads\/2025\/06\/cropped-60-1-scaled-1.png","width":2559,"height":513,"caption":"Filinox - soluciones de acero inoxidable"},"image":{"@id":"https:\/\/www.inoxidables.com\/fr\/#\/schema\/logo\/image\/"}}]}},"_links":{"self":[{"href":"https:\/\/www.inoxidables.com\/fr\/wp-json\/wp\/v2\/pages\/8049","targetHints":{"allow":["GET"]}}],"collection":[{"href":"https:\/\/www.inoxidables.com\/fr\/wp-json\/wp\/v2\/pages"}],"about":[{"href":"https:\/\/www.inoxidables.com\/fr\/wp-json\/wp\/v2\/types\/page"}],"author":[{"embeddable":true,"href":"https:\/\/www.inoxidables.com\/fr\/wp-json\/wp\/v2\/users\/2"}],"replies":[{"embeddable":true,"href":"https:\/\/www.inoxidables.com\/fr\/wp-json\/wp\/v2\/comments?post=8049"}],"version-history":[{"count":4,"href":"https:\/\/www.inoxidables.com\/fr\/wp-json\/wp\/v2\/pages\/8049\/revisions"}],"predecessor-version":[{"id":8092,"href":"https:\/\/www.inoxidables.com\/fr\/wp-json\/wp\/v2\/pages\/8049\/revisions\/8092"}],"wp:attachment":[{"href":"https:\/\/www.inoxidables.com\/fr\/wp-json\/wp\/v2\/media?parent=8049"}],"curies":[{"name":"wp","href":"https:\/\/api.w.org\/{rel}","templated":true}]}}