{"id":7501,"date":"2025-02-10T09:31:55","date_gmt":"2025-02-10T09:31:55","guid":{"rendered":"https:\/\/www.inoxidables.com\/manuel-technique-dinstallation-des-raccords-de-tuyauterie-et-de-presse-filtube-et-instalpress\/"},"modified":"2025-02-10T11:37:31","modified_gmt":"2025-02-10T11:37:31","slug":"manuel-technique-dinstallation-des-raccords-de-tuyauterie-et-de-presse-filtube-et-instalpress","status":"publish","type":"page","link":"https:\/\/www.inoxidables.com\/fr\/pressfitting\/manuel-technique-dinstallation-des-raccords-de-tuyauterie-et-de-presse-filtube-et-instalpress\/","title":{"rendered":"Manuel technique d&rsquo;installation des raccords de tuyauterie et de presse Filtube et Instalpress"},"content":{"rendered":"<div class=\"gb-container gb-container-699413f4\">\n<div class=\"gb-container gb-container-be1ecff5\">\n<div class=\"gb-grid-wrapper gb-grid-wrapper-d0fcf780\">\n<div class=\"gb-grid-column gb-grid-column-c7889efb\"><div class=\"gb-container gb-container-c7889efb\">\n\n<div class=\"wp-block-ab-animate coblocks-animate\" data-scroll-class=\"fadeIn\" data-scroll-threshold=\"50\" data-coblocks-animation=\"fadeIn\">\n<h6 class=\"gb-headline gb-headline-3356b8e0 gb-headline-text\">TOUT CE QU&rsquo;IL FAUT SAVOIR SUR L&rsquo;INSTALLATION DES SYST\u00c8MES DE PRESSFITTING<\/h6>\n\n\n\n<h1 class=\"gb-headline gb-headline-396a9b33 gb-headline-text\">T\u00e9l\u00e9charger notre manuel d&rsquo;installation technique gratuit<\/h1>\n\n\n\n<p class=\"gb-headline gb-headline-4a6f043b gb-headline-text\">D\u00e9couvrez les meilleures pratiques, les r\u00e9glementations et les recommandations cl\u00e9s pour une installation efficace et s\u00fbre des raccords et syst\u00e8mes Pressfitting.<\/p>\n\n\n\n<a class=\"gb-button gb-button-d3e239c2 gb-button-text\" href=\"https:\/\/www.inoxidables.com\/wp-content\/uploads\/2025\/02\/Manuel-dinstallation-technique-pour-les-systemes-de-pressage-instalpress.pdf\" target=\"_blank\" rel=\"noopener noreferrer\">T\u00e9l\u00e9charger le manuel technique<\/a>\n\n\n\n<a class=\"gb-button gb-button-f0a9868e gb-button-text\" href=\"https:\/\/www.inoxidables.com\/fr\/contact\/\">Contactez-nous maintenant<\/a>\n<\/div>\n\n<\/div><\/div>\n<\/div>\n<\/div>\n<\/div><div class=\"gb-container gb-container-3c429d0b\">\n<div class=\"gb-grid-wrapper gb-grid-wrapper-2b828bf8\">\n<div class=\"gb-grid-column gb-grid-column-6dcbee3b\"><div class=\"gb-container gb-container-6dcbee3b\">\n\n<h2 class=\"gb-headline gb-headline-b99fea08 gb-headline-text\">Manuel technique d&rsquo;installation des syst\u00e8mes de pressage<\/h2>\n\n\n\n<p>Notre <strong>manuel technique d&rsquo;installation<\/strong> est un guide complet qui rassemble toutes les informations essentielles pour l<strong>&lsquo;installation correcte des syst\u00e8mes Pressfitting<\/strong>. Con\u00e7u pour les installateurs, les ing\u00e9nieurs et les professionnels du secteur, <strong>ce manuel vous aidera \u00e0 optimiser vos projets en respectant les normes de qualit\u00e9 et de s\u00e9curit\u00e9 les plus strictes<\/strong>. <\/p>\n\n<\/div><\/div>\n\n<div class=\"gb-grid-column gb-grid-column-85c3d9ce\"><div class=\"gb-container gb-container-85c3d9ce\"><\/div><\/div>\n<\/div>\n<\/div><div class=\"gb-container gb-container-be8d30ff\"><\/div><div class=\"gb-container gb-container-e20204f8\">\n<div class=\"gb-container gb-container-c2cf87f0\">\n<div class=\"gb-container gb-container-9937eab7\">\n\n<h2 class=\"gb-headline gb-headline-b9dbb51a gb-headline-text textnegro\">Que trouve-t-on dans le manuel technique ?<\/h2>\n\n\n\n<p class=\"gb-headline gb-headline-3a950b8d textmarginbottom60\"><span class=\"gb-icon\"><svg xmlns=\"http:\/\/www.w3.org\/2000\/svg\" aria-hidden=\"true\" role=\"img\" height=\"1em\" width=\"1em\" viewbox=\"0 0 512 512\"><path fill=\"currentColor\" d=\"M173.898 439.404l-166.4-166.4c-9.997-9.997-9.997-26.206 0-36.204l36.203-36.204c9.997-9.998 26.207-9.998 36.204 0L192 312.69 432.095 72.596c9.997-9.997 26.207-9.997 36.204 0l36.203 36.204c9.997 9.997 9.997 26.206 0 36.204l-294.4 294.401c-9.998 9.997-26.207 9.997-36.204-.001z\"><\/path><\/svg><\/span><span class=\"gb-headline-text\"><strong>Sp\u00e9cifications techniques <\/strong>de nos accessoires et syst\u00e8mes.<\/span><\/p>\n\n\n\n<p class=\"gb-headline gb-headline-86f1b65e\"><span class=\"gb-icon\"><svg xmlns=\"http:\/\/www.w3.org\/2000\/svg\" aria-hidden=\"true\" role=\"img\" height=\"1em\" width=\"1em\" viewbox=\"0 0 512 512\"><path fill=\"currentColor\" d=\"M173.898 439.404l-166.4-166.4c-9.997-9.997-9.997-26.206 0-36.204l36.203-36.204c9.997-9.998 26.207-9.998 36.204 0L192 312.69 432.095 72.596c9.997-9.997 26.207-9.997 36.204 0l36.203 36.204c9.997 9.997 9.997 26.206 0 36.204l-294.4 294.401c-9.998 9.997-26.207 9.997-36.204-.001z\"><\/path><\/svg><\/span><span class=\"gb-headline-text\"><strong>Normes et certifications<\/strong> applicables \u00e0 l&#8217;emmanchement.<\/span><\/p>\n\n\n\n<p class=\"gb-headline gb-headline-59b6ab15\"><span class=\"gb-icon\"><svg xmlns=\"http:\/\/www.w3.org\/2000\/svg\" aria-hidden=\"true\" role=\"img\" height=\"1em\" width=\"1em\" viewbox=\"0 0 512 512\"><path fill=\"currentColor\" d=\"M173.898 439.404l-166.4-166.4c-9.997-9.997-9.997-26.206 0-36.204l36.203-36.204c9.997-9.998 26.207-9.998 36.204 0L192 312.69 432.095 72.596c9.997-9.997 26.207-9.997 36.204 0l36.203 36.204c9.997 9.997 9.997 26.206 0 36.204l-294.4 294.401c-9.998 9.997-26.207 9.997-36.204-.001z\"><\/path><\/svg><\/span><span class=\"gb-headline-text\"><strong>Guide \u00e9tape par \u00e9tape<\/strong> pour une installation pr\u00e9cise et efficace.<\/span><\/p>\n\n\n\n<p class=\"gb-headline gb-headline-cc6f79ad\"><span class=\"gb-icon\"><svg xmlns=\"http:\/\/www.w3.org\/2000\/svg\" aria-hidden=\"true\" role=\"img\" height=\"1em\" width=\"1em\" viewbox=\"0 0 512 512\"><path fill=\"currentColor\" d=\"M173.898 439.404l-166.4-166.4c-9.997-9.997-9.997-26.206 0-36.204l36.203-36.204c9.997-9.998 26.207-9.998 36.204 0L192 312.69 432.095 72.596c9.997-9.997 26.207-9.997 36.204 0l36.203 36.204c9.997 9.997 9.997 26.206 0 36.204l-294.4 294.401c-9.998 9.997-26.207 9.997-36.204-.001z\"><\/path><\/svg><\/span><span class=\"gb-headline-text\"><strong>Conseils et bonnes pratiques<\/strong> pour assurer la durabilit\u00e9 du syst\u00e8me.<\/span><\/p>\n\n\n\n<p>T\u00e9l\u00e9chargez-le maintenant et acc\u00e9dez \u00e0 des informations techniques d\u00e9taill\u00e9es sur le Pressfitting qui faciliteront votre travail.<\/p>\n\n\n\n<a class=\"gb-button gb-button-71c53dde gb-button-text\" href=\"https:\/\/www.inoxidables.com\/wp-content\/uploads\/2025\/02\/Manuel-dinstallation-technique-pour-les-systemes-de-pressage-instalpress.pdf\" target=\"_blank\" rel=\"noopener noreferrer\">T\u00e9l\u00e9charger le manuel technique<\/a>\n\n<\/div>\n<\/div>\n<\/div><div class=\"gb-container gb-container-76f037fa\">\n<div class=\"gb-grid-wrapper gb-grid-wrapper-61643f94\">\n<div class=\"gb-grid-column gb-grid-column-e87f84b9\"><div class=\"gb-container gb-container-e87f84b9\">\n\n<figure class=\"gb-block-image gb-block-image-361f0425\"><img loading=\"lazy\" decoding=\"async\" width=\"200\" height=\"77\" class=\"gb-image gb-image-361f0425\" src=\"https:\/\/www.inoxidables.com\/wp-content\/uploads\/2024\/05\/Filtube-logo.png\" alt=\"\" title=\"Filtube-logo\"><\/figure>\n\n<\/div><\/div>\n\n<div class=\"gb-grid-column gb-grid-column-6a74d975\"><div class=\"gb-container gb-container-6a74d975\">\n\n<figure class=\"gb-block-image gb-block-image-708aa91a\"><img loading=\"lazy\" decoding=\"async\" width=\"200\" height=\"77\" class=\"gb-image gb-image-708aa91a\" src=\"https:\/\/www.inoxidables.com\/wp-content\/uploads\/2024\/05\/Instalpress-logo.png\" alt=\"\" title=\"Instalpress-logo\"><\/figure>\n\n<\/div><\/div>\n\n<div class=\"gb-grid-column gb-grid-column-29772f3c\"><div class=\"gb-container gb-container-29772f3c\">\n\n<figure class=\"gb-block-image gb-block-image-e5e0618f\"><img loading=\"lazy\" decoding=\"async\" width=\"200\" height=\"77\" class=\"gb-image gb-image-e5e0618f\" src=\"https:\/\/www.inoxidables.com\/wp-content\/uploads\/2024\/05\/Filpress-logo.png\" alt=\"\" title=\"Filpress-logo\"><\/figure>\n\n<\/div><\/div>\n\n<div class=\"gb-grid-column gb-grid-column-3762c60e\"><div class=\"gb-container gb-container-3762c60e\">\n\n<figure class=\"gb-block-image gb-block-image-0d81d920\"><img loading=\"lazy\" decoding=\"async\" width=\"200\" height=\"77\" class=\"gb-image gb-image-0d81d920\" src=\"https:\/\/www.inoxidables.com\/wp-content\/uploads\/2024\/05\/Firepress-logo.png\" alt=\"\" title=\"Firepress-logo\"><\/figure>\n\n<\/div><\/div>\n\n<div class=\"gb-grid-column gb-grid-column-b83fef56\"><div class=\"gb-container gb-container-b83fef56\">\n\n<figure class=\"gb-block-image gb-block-image-b1a3ff7b\"><img loading=\"lazy\" decoding=\"async\" width=\"200\" height=\"69\" class=\"gb-image gb-image-b1a3ff7b\" src=\"https:\/\/www.inoxidables.com\/wp-content\/uploads\/2024\/05\/gaspress_logo_color.png\" alt=\"\" title=\"gaspress_logo_color\"><\/figure>\n\n<\/div><\/div>\n<\/div>\n<\/div><div class=\"gb-container gb-container-2d5734ba\">\n<div class=\"gb-grid-wrapper gb-grid-wrapper-ffa08e47\">\n<div class=\"gb-grid-column gb-grid-column-1e638a30\"><div class=\"gb-container gb-container-1e638a30\">\n<div class=\"gb-container gb-container-bdc9e493\">\n\n<h2 class=\"gb-headline gb-headline-56084ea3 gb-headline-text\">Guide d&rsquo;application par secteur<\/h2>\n\n\n\n<p class=\"gb-headline gb-headline-457d8c48 gb-headline-text\">Outre le <strong>manuel technique d&rsquo;installation<\/strong>, nous mettons \u00e0 votre disposition notre <strong>guide d&rsquo;application<\/strong>, un document exclusif dans lequel vous trouverez des informations d\u00e9taill\u00e9es sur l&rsquo;utilisation de nos accessoires et syst\u00e8mes Pressfitting dans diff\u00e9rents secteurs.<\/p>\n\n<\/div>\n<\/div><\/div>\n\n<div class=\"gb-grid-column gb-grid-column-7e2300cb\"><div class=\"gb-container gb-container-7e2300cb\">\n<div class=\"gb-container gb-container-229c9c00\">\n\n<h3 class=\"gb-headline gb-headline-a5e3dd45 gb-headline-text\">Que comprend ce guide ?<\/h3>\n\n\n\n<p class=\"gb-headline gb-headline-da58c7db\"><span class=\"gb-icon\"><svg xmlns=\"http:\/\/www.w3.org\/2000\/svg\" aria-hidden=\"true\" role=\"img\" height=\"1em\" width=\"1em\" viewbox=\"0 0 512 512\"><path fill=\"currentColor\" d=\"M173.898 439.404l-166.4-166.4c-9.997-9.997-9.997-26.206 0-36.204l36.203-36.204c9.997-9.998 26.207-9.998 36.204 0L192 312.69 432.095 72.596c9.997-9.997 26.207-9.997 36.204 0l36.203 36.204c9.997 9.997 9.997 26.206 0 36.204l-294.4 294.401c-9.998 9.997-26.207 9.997-36.204-.001z\"><\/path><\/svg><\/span><span class=\"gb-headline-text\">Applications industrielles, r\u00e9sidentielles et commerciales. <\/span><\/p>\n\n\n\n<p class=\"gb-headline gb-headline-1b5a7ce7\"><span class=\"gb-icon\"><svg xmlns=\"http:\/\/www.w3.org\/2000\/svg\" aria-hidden=\"true\" role=\"img\" height=\"1em\" width=\"1em\" viewbox=\"0 0 512 512\"><path fill=\"currentColor\" d=\"M173.898 439.404l-166.4-166.4c-9.997-9.997-9.997-26.206 0-36.204l36.203-36.204c9.997-9.998 26.207-9.998 36.204 0L192 312.69 432.095 72.596c9.997-9.997 26.207-9.997 36.204 0l36.203 36.204c9.997 9.997 9.997 26.206 0 36.204l-294.4 294.401c-9.998 9.997-26.207 9.997-36.204-.001z\"><\/path><\/svg><\/span><span class=\"gb-headline-text\">Recommandations pour diff\u00e9rents types de fluides et de pressions.<\/span><\/p>\n\n\n\n<p class=\"gb-headline gb-headline-8015e08d\"><span class=\"gb-icon\"><svg xmlns=\"http:\/\/www.w3.org\/2000\/svg\" aria-hidden=\"true\" role=\"img\" height=\"1em\" width=\"1em\" viewbox=\"0 0 512 512\"><path fill=\"currentColor\" d=\"M173.898 439.404l-166.4-166.4c-9.997-9.997-9.997-26.206 0-36.204l36.203-36.204c9.997-9.998 26.207-9.998 36.204 0L192 312.69 432.095 72.596c9.997-9.997 26.207-9.997 36.204 0l36.203 36.204c9.997 9.997 9.997 26.206 0 36.204l-294.4 294.401c-9.998 9.997-26.207 9.997-36.204-.001z\"><\/path><\/svg><\/span><span class=\"gb-headline-text\">Exemples de projets et de r\u00e9ussites.<\/span><\/p>\n\n\n\n<p class=\"has-base-2-color has-text-color has-link-color wp-elements-46b4f9faef05af956a70c4bc8e0d9cc4\">Consultez le guide d&rsquo;application et choisissez les accessoires les plus adapt\u00e9s \u00e0 chaque type d&rsquo;installation. <\/p>\n\n\n\n<a class=\"gb-button gb-button-a8d958cb gb-button-text\" href=\"https:\/\/www.inoxidables.com\/wp-content\/uploads\/2025\/02\/Guide-dapplication-de-lemmanchement-par-secteur-Instalpress.pdf\" target=\"_blank\" rel=\"noopener noreferrer\">T\u00e9l\u00e9charger le guide de candidature<\/a>\n\n<\/div>\n<\/div><\/div>\n<\/div>\n<\/div><div class=\"gb-container gb-container-3938513b\">\n<div class=\"gb-container gb-container-cf89d013 alignwide\">\n<div class=\"gb-container gb-container-a2007556\">\n\n<h3 class=\"gb-headline gb-headline-900f0578 gb-headline-text\"><strong>Toujours offrir de la valeur<\/strong><\/h3>\n\n\n\n<h3 class=\"gb-headline gb-headline-281df904 gb-headline-text textblanco\">Nous fabriquons en Europe et disposons de notre propre logistique, ce qui nous permet de r\u00e9duire l&#8217;empreinte carbone de nos produits et d&rsquo;\u00eatre plus efficaces tant au niveau de la fabrication que de la livraison.<\/h3>\n\n\n\n<a class=\"gb-button gb-button-45014690 gb-button-text\" href=\"https:\/\/www.inoxidables.com\/fr\/contact\/\">Je veux plus d&rsquo;informations<\/a>\n\n<\/div>\n<\/div>\n<\/div>\n<p><\/p>\n","protected":false},"excerpt":{"rendered":"<p>Que trouve-t-on dans le manuel technique ? Sp\u00e9cifications techniques de nos accessoires et syst\u00e8mes. Normes &#8230; <a title=\"Manuel technique d&rsquo;installation des raccords de tuyauterie et de presse Filtube et Instalpress\" class=\"read-more\" href=\"https:\/\/www.inoxidables.com\/fr\/pressfitting\/manuel-technique-dinstallation-des-raccords-de-tuyauterie-et-de-presse-filtube-et-instalpress\/\" aria-label=\"En savoir plus sur Manuel technique d&rsquo;installation des raccords de tuyauterie et de presse Filtube et Instalpress\">Lire plus<\/a><\/p>\n","protected":false},"author":2,"featured_media":0,"parent":4783,"menu_order":0,"comment_status":"closed","ping_status":"closed","template":"","meta":{"_coblocks_attr":"","_coblocks_dimensions":"","_coblocks_responsive_height":"","_coblocks_accordion_ie_support":"","footnotes":""},"class_list":["post-7501","page","type-page","status-publish"],"yoast_head":"<!-- This site is optimized with the Yoast SEO plugin v25.4 - https:\/\/yoast.com\/wordpress\/plugins\/seo\/ -->\n<title>Manuel d&#039;installation technique - Accessoires pour raccords \u00e0 la presse - Filtube<\/title>\n<meta name=\"robots\" content=\"index, follow, max-snippet:-1, max-image-preview:large, max-video-preview:-1\" \/>\n<link rel=\"canonical\" href=\"https:\/\/www.inoxidables.com\/fr\/pressfitting\/manuel-technique-dinstallation-des-raccords-de-tuyauterie-et-de-presse-filtube-et-instalpress\/\" \/>\n<meta property=\"og:locale\" content=\"fr_FR\" \/>\n<meta property=\"og:type\" content=\"article\" \/>\n<meta property=\"og:title\" content=\"Manuel d&#039;installation technique - Accessoires pour raccords \u00e0 la presse - Filtube\" \/>\n<meta property=\"og:description\" content=\"Que trouve-t-on dans le manuel technique ? Sp\u00e9cifications techniques de nos accessoires et syst\u00e8mes. Normes ... Lire plus\" \/>\n<meta property=\"og:url\" content=\"https:\/\/www.inoxidables.com\/fr\/pressfitting\/manuel-technique-dinstallation-des-raccords-de-tuyauterie-et-de-presse-filtube-et-instalpress\/\" \/>\n<meta property=\"og:site_name\" content=\"Filinox | Soluciones de acero inoxidable\" \/>\n<meta property=\"article:modified_time\" content=\"2025-02-10T11:37:31+00:00\" \/>\n<meta property=\"og:image\" content=\"https:\/\/www.inoxidables.com\/wp-content\/uploads\/2024\/05\/Filtube-logo.png\" \/>\n<meta name=\"twitter:card\" content=\"summary_large_image\" \/>\n<script type=\"application\/ld+json\" class=\"yoast-schema-graph\">{\"@context\":\"https:\/\/schema.org\",\"@graph\":[{\"@type\":\"WebPage\",\"@id\":\"https:\/\/www.inoxidables.com\/fr\/pressfitting\/manuel-technique-dinstallation-des-raccords-de-tuyauterie-et-de-presse-filtube-et-instalpress\/\",\"url\":\"https:\/\/www.inoxidables.com\/fr\/pressfitting\/manuel-technique-dinstallation-des-raccords-de-tuyauterie-et-de-presse-filtube-et-instalpress\/\",\"name\":\"Manuel d'installation technique - Accessoires pour raccords \u00e0 la presse - Filtube\",\"isPartOf\":{\"@id\":\"https:\/\/www.inoxidables.com\/fr\/#website\"},\"primaryImageOfPage\":{\"@id\":\"https:\/\/www.inoxidables.com\/fr\/pressfitting\/manuel-technique-dinstallation-des-raccords-de-tuyauterie-et-de-presse-filtube-et-instalpress\/#primaryimage\"},\"image\":{\"@id\":\"https:\/\/www.inoxidables.com\/fr\/pressfitting\/manuel-technique-dinstallation-des-raccords-de-tuyauterie-et-de-presse-filtube-et-instalpress\/#primaryimage\"},\"thumbnailUrl\":\"https:\/\/www.inoxidables.com\/wp-content\/uploads\/2024\/05\/Filtube-logo.png\",\"datePublished\":\"2025-02-10T09:31:55+00:00\",\"dateModified\":\"2025-02-10T11:37:31+00:00\",\"breadcrumb\":{\"@id\":\"https:\/\/www.inoxidables.com\/fr\/pressfitting\/manuel-technique-dinstallation-des-raccords-de-tuyauterie-et-de-presse-filtube-et-instalpress\/#breadcrumb\"},\"inLanguage\":\"fr-FR\",\"potentialAction\":[{\"@type\":\"ReadAction\",\"target\":[\"https:\/\/www.inoxidables.com\/fr\/pressfitting\/manuel-technique-dinstallation-des-raccords-de-tuyauterie-et-de-presse-filtube-et-instalpress\/\"]}]},{\"@type\":\"ImageObject\",\"inLanguage\":\"fr-FR\",\"@id\":\"https:\/\/www.inoxidables.com\/fr\/pressfitting\/manuel-technique-dinstallation-des-raccords-de-tuyauterie-et-de-presse-filtube-et-instalpress\/#primaryimage\",\"url\":\"https:\/\/www.inoxidables.com\/wp-content\/uploads\/2024\/05\/Filtube-logo.png\",\"contentUrl\":\"https:\/\/www.inoxidables.com\/wp-content\/uploads\/2024\/05\/Filtube-logo.png\"},{\"@type\":\"BreadcrumbList\",\"@id\":\"https:\/\/www.inoxidables.com\/fr\/pressfitting\/manuel-technique-dinstallation-des-raccords-de-tuyauterie-et-de-presse-filtube-et-instalpress\/#breadcrumb\",\"itemListElement\":[{\"@type\":\"ListItem\",\"position\":1,\"name\":\"Home\",\"item\":\"https:\/\/www.inoxidables.com\/fr\/\"},{\"@type\":\"ListItem\",\"position\":2,\"name\":\"Pressfitting\",\"item\":\"https:\/\/www.inoxidables.com\/fr\/pressfitting\/\"},{\"@type\":\"ListItem\",\"position\":3,\"name\":\"Manuel technique d&#8217;installation des raccords de tuyauterie et de presse Filtube et Instalpress\"}]},{\"@type\":\"WebSite\",\"@id\":\"https:\/\/www.inoxidables.com\/fr\/#website\",\"url\":\"https:\/\/www.inoxidables.com\/fr\/\",\"name\":\"Filinox - soluciones de acero inoxidable\",\"description\":\"Soluciones de acero inoxidable\",\"publisher\":{\"@id\":\"https:\/\/www.inoxidables.com\/fr\/#organization\"},\"alternateName\":\"Filinox\",\"potentialAction\":[{\"@type\":\"SearchAction\",\"target\":{\"@type\":\"EntryPoint\",\"urlTemplate\":\"https:\/\/www.inoxidables.com\/fr\/?s={search_term_string}\"},\"query-input\":{\"@type\":\"PropertyValueSpecification\",\"valueRequired\":true,\"valueName\":\"search_term_string\"}}],\"inLanguage\":\"fr-FR\"},{\"@type\":\"Organization\",\"@id\":\"https:\/\/www.inoxidables.com\/fr\/#organization\",\"name\":\"Filinox - soluciones de acero inoxidable\",\"url\":\"https:\/\/www.inoxidables.com\/fr\/\",\"logo\":{\"@type\":\"ImageObject\",\"inLanguage\":\"fr-FR\",\"@id\":\"https:\/\/www.inoxidables.com\/fr\/#\/schema\/logo\/image\/\",\"url\":\"https:\/\/www.inoxidables.com\/wp-content\/uploads\/2025\/06\/cropped-60-1-scaled-1.png\",\"contentUrl\":\"https:\/\/www.inoxidables.com\/wp-content\/uploads\/2025\/06\/cropped-60-1-scaled-1.png\",\"width\":2559,\"height\":513,\"caption\":\"Filinox - soluciones de acero inoxidable\"},\"image\":{\"@id\":\"https:\/\/www.inoxidables.com\/fr\/#\/schema\/logo\/image\/\"}}]}<\/script>\n<!-- \/ Yoast SEO plugin. -->","yoast_head_json":{"title":"Manuel d'installation technique - Accessoires pour raccords \u00e0 la presse - Filtube","robots":{"index":"index","follow":"follow","max-snippet":"max-snippet:-1","max-image-preview":"max-image-preview:large","max-video-preview":"max-video-preview:-1"},"canonical":"https:\/\/www.inoxidables.com\/fr\/pressfitting\/manuel-technique-dinstallation-des-raccords-de-tuyauterie-et-de-presse-filtube-et-instalpress\/","og_locale":"fr_FR","og_type":"article","og_title":"Manuel d'installation technique - Accessoires pour raccords \u00e0 la presse - Filtube","og_description":"Que trouve-t-on dans le manuel technique ? Sp\u00e9cifications techniques de nos accessoires et syst\u00e8mes. Normes ... Lire plus","og_url":"https:\/\/www.inoxidables.com\/fr\/pressfitting\/manuel-technique-dinstallation-des-raccords-de-tuyauterie-et-de-presse-filtube-et-instalpress\/","og_site_name":"Filinox | Soluciones de acero inoxidable","article_modified_time":"2025-02-10T11:37:31+00:00","og_image":[{"url":"https:\/\/www.inoxidables.com\/wp-content\/uploads\/2024\/05\/Filtube-logo.png","type":"","width":"","height":""}],"twitter_card":"summary_large_image","schema":{"@context":"https:\/\/schema.org","@graph":[{"@type":"WebPage","@id":"https:\/\/www.inoxidables.com\/fr\/pressfitting\/manuel-technique-dinstallation-des-raccords-de-tuyauterie-et-de-presse-filtube-et-instalpress\/","url":"https:\/\/www.inoxidables.com\/fr\/pressfitting\/manuel-technique-dinstallation-des-raccords-de-tuyauterie-et-de-presse-filtube-et-instalpress\/","name":"Manuel d'installation technique - Accessoires pour raccords \u00e0 la presse - Filtube","isPartOf":{"@id":"https:\/\/www.inoxidables.com\/fr\/#website"},"primaryImageOfPage":{"@id":"https:\/\/www.inoxidables.com\/fr\/pressfitting\/manuel-technique-dinstallation-des-raccords-de-tuyauterie-et-de-presse-filtube-et-instalpress\/#primaryimage"},"image":{"@id":"https:\/\/www.inoxidables.com\/fr\/pressfitting\/manuel-technique-dinstallation-des-raccords-de-tuyauterie-et-de-presse-filtube-et-instalpress\/#primaryimage"},"thumbnailUrl":"https:\/\/www.inoxidables.com\/wp-content\/uploads\/2024\/05\/Filtube-logo.png","datePublished":"2025-02-10T09:31:55+00:00","dateModified":"2025-02-10T11:37:31+00:00","breadcrumb":{"@id":"https:\/\/www.inoxidables.com\/fr\/pressfitting\/manuel-technique-dinstallation-des-raccords-de-tuyauterie-et-de-presse-filtube-et-instalpress\/#breadcrumb"},"inLanguage":"fr-FR","potentialAction":[{"@type":"ReadAction","target":["https:\/\/www.inoxidables.com\/fr\/pressfitting\/manuel-technique-dinstallation-des-raccords-de-tuyauterie-et-de-presse-filtube-et-instalpress\/"]}]},{"@type":"ImageObject","inLanguage":"fr-FR","@id":"https:\/\/www.inoxidables.com\/fr\/pressfitting\/manuel-technique-dinstallation-des-raccords-de-tuyauterie-et-de-presse-filtube-et-instalpress\/#primaryimage","url":"https:\/\/www.inoxidables.com\/wp-content\/uploads\/2024\/05\/Filtube-logo.png","contentUrl":"https:\/\/www.inoxidables.com\/wp-content\/uploads\/2024\/05\/Filtube-logo.png"},{"@type":"BreadcrumbList","@id":"https:\/\/www.inoxidables.com\/fr\/pressfitting\/manuel-technique-dinstallation-des-raccords-de-tuyauterie-et-de-presse-filtube-et-instalpress\/#breadcrumb","itemListElement":[{"@type":"ListItem","position":1,"name":"Home","item":"https:\/\/www.inoxidables.com\/fr\/"},{"@type":"ListItem","position":2,"name":"Pressfitting","item":"https:\/\/www.inoxidables.com\/fr\/pressfitting\/"},{"@type":"ListItem","position":3,"name":"Manuel technique d&#8217;installation des raccords de tuyauterie et de presse Filtube et Instalpress"}]},{"@type":"WebSite","@id":"https:\/\/www.inoxidables.com\/fr\/#website","url":"https:\/\/www.inoxidables.com\/fr\/","name":"Filinox - soluciones de acero inoxidable","description":"Soluciones de acero inoxidable","publisher":{"@id":"https:\/\/www.inoxidables.com\/fr\/#organization"},"alternateName":"Filinox","potentialAction":[{"@type":"SearchAction","target":{"@type":"EntryPoint","urlTemplate":"https:\/\/www.inoxidables.com\/fr\/?s={search_term_string}"},"query-input":{"@type":"PropertyValueSpecification","valueRequired":true,"valueName":"search_term_string"}}],"inLanguage":"fr-FR"},{"@type":"Organization","@id":"https:\/\/www.inoxidables.com\/fr\/#organization","name":"Filinox - soluciones de acero inoxidable","url":"https:\/\/www.inoxidables.com\/fr\/","logo":{"@type":"ImageObject","inLanguage":"fr-FR","@id":"https:\/\/www.inoxidables.com\/fr\/#\/schema\/logo\/image\/","url":"https:\/\/www.inoxidables.com\/wp-content\/uploads\/2025\/06\/cropped-60-1-scaled-1.png","contentUrl":"https:\/\/www.inoxidables.com\/wp-content\/uploads\/2025\/06\/cropped-60-1-scaled-1.png","width":2559,"height":513,"caption":"Filinox - soluciones de acero inoxidable"},"image":{"@id":"https:\/\/www.inoxidables.com\/fr\/#\/schema\/logo\/image\/"}}]}},"_links":{"self":[{"href":"https:\/\/www.inoxidables.com\/fr\/wp-json\/wp\/v2\/pages\/7501","targetHints":{"allow":["GET"]}}],"collection":[{"href":"https:\/\/www.inoxidables.com\/fr\/wp-json\/wp\/v2\/pages"}],"about":[{"href":"https:\/\/www.inoxidables.com\/fr\/wp-json\/wp\/v2\/types\/page"}],"author":[{"embeddable":true,"href":"https:\/\/www.inoxidables.com\/fr\/wp-json\/wp\/v2\/users\/2"}],"replies":[{"embeddable":true,"href":"https:\/\/www.inoxidables.com\/fr\/wp-json\/wp\/v2\/comments?post=7501"}],"version-history":[{"count":2,"href":"https:\/\/www.inoxidables.com\/fr\/wp-json\/wp\/v2\/pages\/7501\/revisions"}],"predecessor-version":[{"id":7507,"href":"https:\/\/www.inoxidables.com\/fr\/wp-json\/wp\/v2\/pages\/7501\/revisions\/7507"}],"up":[{"embeddable":true,"href":"https:\/\/www.inoxidables.com\/fr\/wp-json\/wp\/v2\/pages\/4783"}],"wp:attachment":[{"href":"https:\/\/www.inoxidables.com\/fr\/wp-json\/wp\/v2\/media?parent=7501"}],"curies":[{"name":"wp","href":"https:\/\/api.w.org\/{rel}","templated":true}]}}