{"id":7202,"date":"2025-01-16T11:51:28","date_gmt":"2025-01-16T11:51:28","guid":{"rendered":"https:\/\/www.inoxidables.com\/?page_id=7202"},"modified":"2025-01-29T16:37:47","modified_gmt":"2025-01-29T16:37:47","slug":"moufles-et-retors","status":"publish","type":"page","link":"https:\/\/www.inoxidables.com\/fr\/chaudronnerie\/moufles-et-retors\/","title":{"rendered":"Moufles et retors"},"content":{"rendered":"<div class=\"gb-container gb-container-ebbc9c44\">\n<div class=\"gb-container gb-container-be1ecff5\">\n<div class=\"gb-grid-wrapper gb-grid-wrapper-537c8def\">\n<div class=\"gb-grid-column gb-grid-column-bb2e95a4\"><div class=\"gb-container gb-container-bb2e95a4\">\n\n<div class=\"wp-block-ab-animate coblocks-animate\" data-scroll-class=\"fadeIn\" data-scroll-threshold=\"50\" data-coblocks-animation=\"fadeIn\">\n<h6 class=\"gb-headline gb-headline-1add2007 gb-headline-text\">PRODUITS<\/h6>\n\n\n\n<h1 class=\"gb-headline gb-headline-f85873d7 gb-headline-text\">Moufles et retors pour fours de traitement thermique industriel<\/h1>\n\n\n\n<p class=\"gb-headline gb-headline-8ea8d6e5 gb-headline-text\">Des solutions personnalis\u00e9es qui r\u00e9sistent aux temp\u00e9ratures \u00e9lev\u00e9es, aux atmosph\u00e8res corrosives et aux conditions extr\u00eames des fours industriels.<\/p>\n\n\n\n<a class=\"gb-button gb-button-f0a9868e gb-button-text\" href=\"https:\/\/www.inoxidables.com\/fr\/contact\/\">Contactez-nous<\/a>\n<\/div>\n\n<\/div><\/div>\n\n<div class=\"gb-grid-column gb-grid-column-6d273c01\"><div class=\"gb-container gb-container-6d273c01\"><\/div><\/div>\n<\/div>\n<\/div>\n<\/div>\n\n<div class=\"gb-container gb-container-a35b9aaf\">\n<div class=\"gb-grid-wrapper gb-grid-wrapper-12a1d5be\">\n<div class=\"gb-grid-column gb-grid-column-04d0062f\"><div class=\"gb-container gb-container-04d0062f\">\n\n<figure class=\"gb-block-image gb-block-image-289af928\"><img loading=\"lazy\" decoding=\"async\" width=\"200\" height=\"101\" class=\"gb-image gb-image-289af928\" src=\"https:\/\/www.inoxidables.com\/wp-content\/uploads\/2024\/05\/flexinoxIndustrial_logo.png\" alt=\"\" title=\"flexinoxIndustrial_logo\"\/><\/figure>\n\n<\/div><\/div>\n<\/div>\n<\/div>\n\n<div class=\"gb-container gb-container-243662d2\">\n<div class=\"gb-grid-wrapper gb-grid-wrapper-493c665f\">\n<div class=\"gb-grid-column gb-grid-column-2066f591\"><div class=\"gb-container gb-container-2066f591\">\n\n<h2 class=\"gb-headline gb-headline-045bb2ac gb-headline-text\">Sp\u00e9cialistes de la conception et de la fabrication de moufles et retors de haute qualit\u00e9.<\/h2>\n\n\n\n<p class=\"gb-headline gb-headline-314983ab gb-headline-text\">Nous sommes l&rsquo;un des principaux fabricants de moufles et retors pour fours industriels, con\u00e7us pour r\u00e9sister aux conditions les plus exigeantes des processus de traitement thermique. Forts de 60 ans d&rsquo;exp\u00e9rience, nous proposons des solutions personnalis\u00e9es qui garantissent des performances optimales et une durabilit\u00e9 exceptionnelle.<\/p>\n\n<\/div><\/div>\n\n<div class=\"gb-grid-column gb-grid-column-73bfaf7a\"><div class=\"gb-container gb-container-73bfaf7a\"><\/div><\/div>\n<\/div>\n<\/div>\n\n<section class=\"gb-container gb-container-2628d9d0 alignwide\">\n\n<div class=\"alignnormal\"><div id=\"metaslider-id-2813\" style=\"width: 100%;\" class=\"ml-slider-3-99-0 metaslider metaslider-flex metaslider-2813 ml-slider ml-slider-lightbox-1-13-4 firelight-lightbox-2-3-19 ms-theme-blend nav-hidden has-carousel-mode\" role=\"region\" aria-label=\"Muflas y retortas\" data-width=\"500\">\n    <div id=\"metaslider_container_2813\">\n        <div id=\"metaslider_2813\">\n            <ul class='slides'>\n                <li style=\"display: none; width: 100%;\" class=\"slide-2818 ms-image \" aria-roledescription=\"slide\" data-date=\"2024-05-22 13:28:36\"><a href=\"https:\/\/www.inoxidables.com\/wp-content\/uploads\/2024\/05\/Caldereria-proyectos2-Filinox.jpg\" target=\"_blank\" aria-label=\"View Slide Details\" class=\"metaslider_image_link\" rel=\"lightbox[2813]\"><img loading=\"lazy\" decoding=\"async\" src=\"https:\/\/www.inoxidables.com\/wp-content\/uploads\/2024\/05\/Caldereria-proyectos2-Filinox-500x333.jpg\" height=\"333\" width=\"500\" alt=\"\" class=\"slider-2813 slide-2818 msDefaultImage\" \/><\/a><\/li>\n                <li style=\"display: none; width: 100%;\" class=\"slide-2820 ms-image \" aria-roledescription=\"slide\" data-date=\"2024-05-22 13:28:36\"><a href=\"https:\/\/www.inoxidables.com\/wp-content\/uploads\/2024\/05\/Filinox-caldereria-hacemos-las-cosas-bien.jpg\" target=\"_self\" aria-label=\"View Slide Details\" class=\"metaslider_image_link\" rel=\"lightbox[2813]\"><img loading=\"lazy\" decoding=\"async\" src=\"https:\/\/www.inoxidables.com\/wp-content\/uploads\/2024\/05\/Filinox-caldereria-hacemos-las-cosas-bien-500x333.jpg\" height=\"333\" width=\"500\" alt=\"\" class=\"slider-2813 slide-2820 msDefaultImage\" \/><\/a><\/li>\n                <li style=\"display: none; width: 100%;\" class=\"slide-7213 ms-image \" aria-roledescription=\"slide\" data-date=\"2025-01-16 11:35:29\"><a href=\"https:\/\/www.inoxidables.com\/wp-content\/uploads\/2025\/01\/nicro-prodotti-muffole-11-1.webp\" target=\"_self\" aria-label=\"View Slide Details\" class=\"metaslider_image_link\" rel=\"lightbox[2813]\"><img loading=\"lazy\" decoding=\"async\" src=\"https:\/\/www.inoxidables.com\/wp-content\/uploads\/2025\/01\/nicro-prodotti-muffole-11-1-500x333.webp\" height=\"333\" width=\"500\" alt=\"\" class=\"slider-2813 slide-7213 msDefaultImage\" \/><\/a><\/li>\n                <li style=\"display: none; width: 100%;\" class=\"slide-7217 ms-image \" aria-roledescription=\"slide\" data-date=\"2025-01-16 11:38:22\"><a href=\"https:\/\/www.inoxidables.com\/wp-content\/uploads\/2025\/01\/20240315_090112.jpg\" target=\"_self\" aria-label=\"View Slide Details\" class=\"metaslider_image_link\" rel=\"lightbox[2813]\"><img loading=\"lazy\" decoding=\"async\" src=\"https:\/\/www.inoxidables.com\/wp-content\/uploads\/2025\/01\/20240315_090112-500x333.jpg\" height=\"333\" width=\"500\" alt=\"\" class=\"slider-2813 slide-7217 msDefaultImage\" \/><\/a><\/li>\n                <li style=\"display: none; width: 100%;\" class=\"slide-7221 ms-image \" aria-roledescription=\"slide\" data-date=\"2025-01-16 11:40:53\"><a href=\"https:\/\/www.inoxidables.com\/wp-content\/uploads\/2025\/01\/20170302_111220-scaled.jpg\" target=\"_self\" aria-label=\"View Slide Details\" class=\"metaslider_image_link\" rel=\"lightbox[2813]\"><img loading=\"lazy\" decoding=\"async\" src=\"https:\/\/www.inoxidables.com\/wp-content\/uploads\/2025\/01\/20170302_111220-scaled-500x333.jpg\" height=\"333\" width=\"500\" alt=\"\" class=\"slider-2813 slide-7221 msDefaultImage\" \/><\/a><\/li>\n            <\/ul>\n        <\/div>\n        \n    <\/div>\n<\/div><\/div>\n\n<\/section>\n\n<div class=\"gb-container gb-container-a0cdcb00\">\n<div class=\"gb-grid-wrapper gb-grid-wrapper-3533ce62\">\n<div class=\"gb-grid-column gb-grid-column-7d465c5c\"><div class=\"gb-container gb-container-7d465c5c\">\n\n<h2 class=\"gb-headline gb-headline-6925a3ae gb-headline-text\">Contact avec nous<\/h2>\n\n\n\n<p>Si vous \u00eates \u00e0 la recherche de moufles et retors de qualit\u00e9 sup\u00e9rieure pour vos fours industriels, ne cherchez plus. Ecrivez-nous et notre \u00e9quipe vous contactera pour vous proposer une solution sur mesure.<\/p>\n\n\n\n<a class=\"gb-button gb-button-62041a46 gb-button-text botonazul\" href=\"https:\/\/www.inoxidables.com\/fr\/contact\/\">Je veux plus d&rsquo;informations<\/a>\n\n<\/div><\/div>\n<\/div>\n<\/div>\n\n<div class=\"gb-container gb-container-317d071f\">\n<div class=\"gb-container gb-container-ab9ca37e\">\n<div class=\"gb-container gb-container-3655beda\">\n\n<h2 class=\"gb-headline gb-headline-56324557 gb-headline-text\">Nous fabriquons nos moufles et nos retors \u00e0 partir d&rsquo;alliages r\u00e9sistants \u00e0 la chaleur extr\u00eame et \u00e0 l&rsquo;oxydation, ce qui garantit une durabilit\u00e9 et des performances optimales dans tout environnement industriel.<\/h2>\n\n<\/div>\n\n<div class=\"gb-container gb-container-69e39c75\">\n\n<h3 class=\"gb-headline gb-headline-619b27b0 gb-headline-text\">Moules et retors con\u00e7us pour les environnements exigeants<\/h3>\n\n\n\n<p class=\"has-contrast-3-color has-text-color has-link-color wp-elements-f7e329a741482a5c574b3533dfe2b356\">Nous proposons des moufles et des cornues en acier r\u00e9fractaire con\u00e7us pour r\u00e9sister aux temp\u00e9ratures \u00e9lev\u00e9es, aux environnements corrosifs et aux processus industriels exigeants. Nos produits sont id\u00e9aux pour des applications telles que :<\/p>\n\n\n\n<ul style=\"color:var(--contrast-3)\" class=\"wp-block-list\">\n<li class=\"has-contrast-3-color has-text-color has-link-color wp-elements-dc196175742a1533443cc035299c4a43\">Traitement thermique (c\u00e9mentation, revenu, trempe, etc.).<\/li>\n\n\n\n<li>Frittage et recuit brillant.<\/li>\n\n\n\n<li class=\"has-contrast-3-color has-text-color has-link-color wp-elements-07558945366106aaf4201026ae5ea077\">Proc\u00e9d\u00e9s avec atmosph\u00e8res actives \u00e0 l&rsquo;int\u00e9rieur du four.<\/li>\n<\/ul>\n\n<\/div>\n<\/div>\n<\/div>\n\n<div class=\"gb-container gb-container-0c93e6cf\">\n\n<h2 class=\"gb-headline gb-headline-1235b568 gb-headline-text\">Nos alliages d&rsquo;acier : r\u00e9sistance et durabilit\u00e9 pour la chaudronnerie industrielle<\/h2>\n\n\n\n<p>D\u00e9couvrez nos alliages d&rsquo;acier, sp\u00e9cialement con\u00e7us pour r\u00e9sister aux temp\u00e9ratures \u00e9lev\u00e9es et aux environnements corrosifs, afin de garantir des performances optimales dans les applications industrielles exigeantes.<\/p>\n\n\n<div class=\"gb-grid-wrapper gb-grid-wrapper-f7611c39\">\n<div class=\"gb-grid-column gb-grid-column-ed7eb790\"><div class=\"gb-container gb-container-ed7eb790\">\n\n<details class=\"wp-block-details is-layout-flow wp-block-details-is-layout-flow\"><summary>Alliages r\u00e9sistants aux hautes temp\u00e9ratures<\/summary>\n<ul class=\"wp-block-list\">\n<li><strong>ALLOY 80-20<\/strong> : Id\u00e9al pour la fabrication de r\u00e9sistances \u00e9lectriques, r\u00e9siste \u00e0 des temp\u00e9ratures allant jusqu&rsquo;\u00e0 1 150\u00baC.<\/li>\n\n\n\n<li><strong>ALLOY 600<\/strong> : offre des performances m\u00e9caniques \u00e9lev\u00e9es et une r\u00e9sistance \u00e0 l&rsquo;oxydation jusqu&rsquo;\u00e0 1 150 \u00baC. Utilisations : construction d&rsquo;\u00e9l\u00e9ments de fours, de cuves de r\u00e9acteurs et d&rsquo;\u00e9changeurs de chaleur.<\/li>\n\n\n\n<li><strong>ALLIAGE 601<\/strong> : Con\u00e7u pour des temp\u00e9ratures sup\u00e9rieures \u00e0 1 000 \u00baC gr\u00e2ce \u00e0 sa couche protectrice de chrome-aluminium. Applications : \u00e9l\u00e9ments de four, moufles et outils de traitement thermique.<\/li>\n\n\n\n<li><strong>ALLOY DS <\/strong>: Excellent comportement dans les atmosph\u00e8res oxydantes jusqu&rsquo;\u00e0 1.000\u00baC et dans les processus thermiques chaud-froid. Applications : Outillage de four et de traitement thermique.<\/li>\n\n\n\n<li><strong>ALLOY 800<\/strong> : R\u00e9sistant aux atmosph\u00e8res oxydantes et r\u00e9ductrices. Ne forme pas de \u00ab phase sigma \u00bb, id\u00e9al pour les \u00e9quipements de traitement \u00e0 haute temp\u00e9rature.<\/li>\n\n\n\n<li><strong>AISI-310 <\/strong>: Haute r\u00e9sistance \u00e0 l&rsquo;oxydation jusqu&rsquo;\u00e0 1.100\u00baC. Utilisations : Pi\u00e8ces de four, outils de traitement thermique et toiles r\u00e9fractaires.<\/li>\n<\/ul>\n<\/details>\n\n<\/div><\/div>\n\n<div class=\"gb-grid-column gb-grid-column-8223d72f\"><div class=\"gb-container gb-container-8223d72f\">\n\n<details class=\"wp-block-details alignwide is-layout-flow wp-block-details-is-layout-flow\"><summary>Alliages r\u00e9sistants \u00e0 la corrosion<\/summary>\n<ul class=\"wp-block-list\">\n<li><strong>ALLOY 825<\/strong> : R\u00e9sistance sup\u00e9rieure \u00e0 la corrosion en contact avec les acides sulfurique et phosphorique.<\/li>\n\n\n\n<li><strong>AISI-316L<\/strong> : Meilleure r\u00e9sistance \u00e0 la corrosion intergranulaire gr\u00e2ce \u00e0 sa faible teneur en carbone. Utilisations : \u00e9changeurs et condenseurs.<\/li>\n\n\n\n<li><strong>AISI-316<\/strong> : R\u00e9siste aux attaques de l&rsquo;acide phosphorique jusqu&rsquo;\u00e0 40\u00baC, de l&rsquo;acide chlorhydrique dilu\u00e9 \u00e0 1% \u00e0 20\u00baC, et de certaines concentrations d&rsquo;acide sulfurique \u00e0 20\u00baC. Applications : construction navale, industries chimiques et textiles.<\/li>\n\n\n\n<li><strong>AISI-304L <\/strong>: Am\u00e9liore les propri\u00e9t\u00e9s de l&rsquo;AISI-304 contre la corrosion intergranulaire.<\/li>\n\n\n\n<li><strong>AISI-304<\/strong> : R\u00e9sistant aux attaques corrosives les plus courantes, il conserve d&rsquo;excellentes caract\u00e9ristiques m\u00e9caniques m\u00eame \u00e0 des temp\u00e9ratures cryog\u00e9niques.<\/li>\n<\/ul>\n<\/details>\n\n<\/div><\/div>\n<\/div>\n<\/div>\n\n<div class=\"gb-container gb-container-6751049b\">\n<div class=\"gb-grid-wrapper gb-grid-wrapper-10dc8f60\">\n<div class=\"gb-grid-column gb-grid-column-bfe175b4\"><div class=\"gb-container gb-container-bfe175b4\">\n\n<h2 class=\"gb-headline gb-headline-12dbe3eb gb-headline-text\">Pourquoi nous choisir ?<\/h2>\n\n\n<div class=\"gb-grid-wrapper gb-grid-wrapper-299b451c\">\n<div class=\"gb-grid-column gb-grid-column-25330a57\"><div class=\"gb-container gb-container-25330a57\">\n\n<h3 class=\"gb-headline gb-headline-5431ab87 gb-headline-text\">Exp\u00e9rience confirm\u00e9e<\/h3>\n\n\n\n<p>Avec 60 ans d&rsquo;exp\u00e9rience dans le secteur, nous sommes une r\u00e9f\u00e9rence dans la fabrication de composants pour la chaudronnerie industrielle. Nous travaillons en \u00e9troite collaboration avec nos clients pour offrir des solutions sur mesure r\u00e9pondant aux normes de qualit\u00e9 les plus \u00e9lev\u00e9es.<\/p>\n\n<\/div><\/div>\n\n<div class=\"gb-grid-column gb-grid-column-5d457ef2\"><div class=\"gb-container gb-container-5d457ef2\">\n\n<h3 class=\"gb-headline gb-headline-fc6ebffd gb-headline-text\">Personnalisation compl\u00e8te<\/h3>\n\n\n\n<p>Si vous ne disposez pas de plans de construction, nous utilisons l&rsquo;<strong>ing\u00e9nierie inverse<\/strong> pour recr\u00e9er les dimensions exactes et construire des moufles ou des autoclaves qui r\u00e9pondent parfaitement \u00e0 vos besoins.<\/p>\n\n<\/div><\/div>\n\n<div class=\"gb-grid-column gb-grid-column-e3248993\"><div class=\"gb-container gb-container-e3248993\">\n\n<h3 class=\"gb-headline gb-headline-41c33499 gb-headline-text\">Innovation continue<\/h3>\n\n\n<div class=\"gb-container gb-container-00dfe148\">\n\n<p>Notre \u00e9quipe de soudeurs met en \u0153uvre des technologies avanc\u00e9es, garantissant des finitions de pr\u00e9cision et une plus grande solidit\u00e9 structurelle.<\/p>\n\n<\/div>\n<\/div><\/div>\n<\/div>\n<\/div><\/div>\n<\/div>\n<\/div>\n\n<div class=\"gb-container gb-container-3938513b\">\n<div class=\"gb-container gb-container-cf89d013 alignwide\">\n<div class=\"gb-container gb-container-a2007556\">\n\n<h3 class=\"gb-headline gb-headline-900f0578 gb-headline-text textblanco\"><strong>Une valeur ajout\u00e9e, toujours<\/strong><\/h3>\n\n\n\n<h3 class=\"gb-headline gb-headline-281df904 gb-headline-text textblanco\">Nous fabriquons en Europe et disposons de notre propre logistique, ce qui nous permet de r\u00e9duire notre empreinte carbone et d&rsquo;\u00eatre plus efficaces tant au niveau de la fabrication que de la livraison.<\/h3>\n\n\n\n<a class=\"gb-button gb-button-45014690 gb-button-text botonazul\" href=\"https:\/\/www.inoxidables.com\/fr\/contact\/\">Je veux plus d&rsquo;informations<\/a>\n\n<\/div>\n<\/div>\n<\/div>","protected":false},"excerpt":{"rendered":"<p>Nous fabriquons nos moufles et nos retors \u00e0 partir d&rsquo;alliages r\u00e9sistants \u00e0 la chaleur extr\u00eame &#8230; <a title=\"Moufles et retors\" class=\"read-more\" href=\"https:\/\/www.inoxidables.com\/fr\/chaudronnerie\/moufles-et-retors\/\" aria-label=\"En savoir plus sur Moufles et retors\">Lire plus<\/a><\/p>\n","protected":false},"author":2,"featured_media":7285,"parent":4651,"menu_order":24,"comment_status":"closed","ping_status":"closed","template":"","meta":{"_coblocks_attr":"","_coblocks_dimensions":"","_coblocks_responsive_height":"","_coblocks_accordion_ie_support":"","footnotes":""},"class_list":["post-7202","page","type-page","status-publish","has-post-thumbnail"],"yoast_head":"<!-- This site is optimized with the Yoast SEO plugin v25.4 - https:\/\/yoast.com\/wordpress\/plugins\/seo\/ -->\n<title>Moufles et retors de Flexinox Industrial | Fabrication sur mesure<\/title>\n<meta name=\"description\" content=\"Nous fabriquons des moufles et des retors en acier r\u00e9fractaire pour les fours industriels \u00e0 haute r\u00e9sistance thermique et \u00e0 l&#039;oxydation.\" \/>\n<meta name=\"robots\" content=\"index, follow, max-snippet:-1, max-image-preview:large, max-video-preview:-1\" \/>\n<link rel=\"canonical\" href=\"https:\/\/www.inoxidables.com\/fr\/chaudronnerie\/moufles-et-retors\/\" \/>\n<meta property=\"og:locale\" content=\"fr_FR\" \/>\n<meta property=\"og:type\" content=\"article\" \/>\n<meta property=\"og:title\" content=\"Moufles et retors de Flexinox Industrial | Fabrication sur mesure\" \/>\n<meta property=\"og:description\" content=\"Nous fabriquons des moufles et des retors en acier r\u00e9fractaire pour les fours industriels \u00e0 haute r\u00e9sistance thermique et \u00e0 l&#039;oxydation.\" \/>\n<meta property=\"og:url\" content=\"https:\/\/www.inoxidables.com\/fr\/chaudronnerie\/moufles-et-retors\/\" \/>\n<meta property=\"og:site_name\" content=\"Filinox | Soluciones de acero inoxidable\" \/>\n<meta property=\"article:modified_time\" content=\"2025-01-29T16:37:47+00:00\" \/>\n<meta property=\"og:image\" content=\"https:\/\/www.inoxidables.com\/wp-content\/uploads\/2025\/01\/20221125_132048-scaled.jpg\" \/>\n\t<meta property=\"og:image:width\" content=\"2560\" \/>\n\t<meta property=\"og:image:height\" content=\"1920\" \/>\n\t<meta property=\"og:image:type\" content=\"image\/jpeg\" \/>\n<meta name=\"twitter:card\" content=\"summary_large_image\" \/>\n<meta name=\"twitter:label1\" content=\"Dur\u00e9e de lecture estim\u00e9e\" \/>\n\t<meta name=\"twitter:data1\" content=\"4 minutes\" \/>\n<script type=\"application\/ld+json\" class=\"yoast-schema-graph\">{\"@context\":\"https:\/\/schema.org\",\"@graph\":[{\"@type\":\"WebPage\",\"@id\":\"https:\/\/www.inoxidables.com\/fr\/chaudronnerie\/moufles-et-retors\/\",\"url\":\"https:\/\/www.inoxidables.com\/fr\/chaudronnerie\/moufles-et-retors\/\",\"name\":\"Moufles et retors de Flexinox Industrial | Fabrication sur mesure\",\"isPartOf\":{\"@id\":\"https:\/\/www.inoxidables.com\/fr\/#website\"},\"primaryImageOfPage\":{\"@id\":\"https:\/\/www.inoxidables.com\/fr\/chaudronnerie\/moufles-et-retors\/#primaryimage\"},\"image\":{\"@id\":\"https:\/\/www.inoxidables.com\/fr\/chaudronnerie\/moufles-et-retors\/#primaryimage\"},\"thumbnailUrl\":\"https:\/\/www.inoxidables.com\/wp-content\/uploads\/2025\/01\/20221125_132048-scaled.jpg\",\"datePublished\":\"2025-01-16T11:51:28+00:00\",\"dateModified\":\"2025-01-29T16:37:47+00:00\",\"description\":\"Nous fabriquons des moufles et des retors en acier r\u00e9fractaire pour les fours industriels \u00e0 haute r\u00e9sistance thermique et \u00e0 l'oxydation.\",\"breadcrumb\":{\"@id\":\"https:\/\/www.inoxidables.com\/fr\/chaudronnerie\/moufles-et-retors\/#breadcrumb\"},\"inLanguage\":\"fr-FR\",\"potentialAction\":[{\"@type\":\"ReadAction\",\"target\":[\"https:\/\/www.inoxidables.com\/fr\/chaudronnerie\/moufles-et-retors\/\"]}]},{\"@type\":\"ImageObject\",\"inLanguage\":\"fr-FR\",\"@id\":\"https:\/\/www.inoxidables.com\/fr\/chaudronnerie\/moufles-et-retors\/#primaryimage\",\"url\":\"https:\/\/www.inoxidables.com\/wp-content\/uploads\/2025\/01\/20221125_132048-scaled.jpg\",\"contentUrl\":\"https:\/\/www.inoxidables.com\/wp-content\/uploads\/2025\/01\/20221125_132048-scaled.jpg\",\"width\":2560,\"height\":1920,\"caption\":\"Muflas y retortas para hornos industriales Flexinox Industrial\"},{\"@type\":\"BreadcrumbList\",\"@id\":\"https:\/\/www.inoxidables.com\/fr\/chaudronnerie\/moufles-et-retors\/#breadcrumb\",\"itemListElement\":[{\"@type\":\"ListItem\",\"position\":1,\"name\":\"Home\",\"item\":\"https:\/\/www.inoxidables.com\/fr\/\"},{\"@type\":\"ListItem\",\"position\":2,\"name\":\"Chaudronnerie\",\"item\":\"https:\/\/www.inoxidables.com\/fr\/chaudronnerie\/\"},{\"@type\":\"ListItem\",\"position\":3,\"name\":\"Moufles et retors\"}]},{\"@type\":\"WebSite\",\"@id\":\"https:\/\/www.inoxidables.com\/fr\/#website\",\"url\":\"https:\/\/www.inoxidables.com\/fr\/\",\"name\":\"Filinox - soluciones de acero inoxidable\",\"description\":\"Soluciones de acero inoxidable\",\"publisher\":{\"@id\":\"https:\/\/www.inoxidables.com\/fr\/#organization\"},\"alternateName\":\"Filinox\",\"potentialAction\":[{\"@type\":\"SearchAction\",\"target\":{\"@type\":\"EntryPoint\",\"urlTemplate\":\"https:\/\/www.inoxidables.com\/fr\/?s={search_term_string}\"},\"query-input\":{\"@type\":\"PropertyValueSpecification\",\"valueRequired\":true,\"valueName\":\"search_term_string\"}}],\"inLanguage\":\"fr-FR\"},{\"@type\":\"Organization\",\"@id\":\"https:\/\/www.inoxidables.com\/fr\/#organization\",\"name\":\"Filinox - soluciones de acero inoxidable\",\"url\":\"https:\/\/www.inoxidables.com\/fr\/\",\"logo\":{\"@type\":\"ImageObject\",\"inLanguage\":\"fr-FR\",\"@id\":\"https:\/\/www.inoxidables.com\/fr\/#\/schema\/logo\/image\/\",\"url\":\"https:\/\/www.inoxidables.com\/wp-content\/uploads\/2025\/06\/cropped-60-1-scaled-1.png\",\"contentUrl\":\"https:\/\/www.inoxidables.com\/wp-content\/uploads\/2025\/06\/cropped-60-1-scaled-1.png\",\"width\":2559,\"height\":513,\"caption\":\"Filinox - soluciones de acero inoxidable\"},\"image\":{\"@id\":\"https:\/\/www.inoxidables.com\/fr\/#\/schema\/logo\/image\/\"}}]}<\/script>\n<!-- \/ Yoast SEO plugin. -->","yoast_head_json":{"title":"Moufles et retors de Flexinox Industrial | Fabrication sur mesure","description":"Nous fabriquons des moufles et des retors en acier r\u00e9fractaire pour les fours industriels \u00e0 haute r\u00e9sistance thermique et \u00e0 l'oxydation.","robots":{"index":"index","follow":"follow","max-snippet":"max-snippet:-1","max-image-preview":"max-image-preview:large","max-video-preview":"max-video-preview:-1"},"canonical":"https:\/\/www.inoxidables.com\/fr\/chaudronnerie\/moufles-et-retors\/","og_locale":"fr_FR","og_type":"article","og_title":"Moufles et retors de Flexinox Industrial | Fabrication sur mesure","og_description":"Nous fabriquons des moufles et des retors en acier r\u00e9fractaire pour les fours industriels \u00e0 haute r\u00e9sistance thermique et \u00e0 l'oxydation.","og_url":"https:\/\/www.inoxidables.com\/fr\/chaudronnerie\/moufles-et-retors\/","og_site_name":"Filinox | Soluciones de acero inoxidable","article_modified_time":"2025-01-29T16:37:47+00:00","og_image":[{"width":2560,"height":1920,"url":"https:\/\/www.inoxidables.com\/wp-content\/uploads\/2025\/01\/20221125_132048-scaled.jpg","type":"image\/jpeg"}],"twitter_card":"summary_large_image","twitter_misc":{"Dur\u00e9e de lecture estim\u00e9e":"4 minutes"},"schema":{"@context":"https:\/\/schema.org","@graph":[{"@type":"WebPage","@id":"https:\/\/www.inoxidables.com\/fr\/chaudronnerie\/moufles-et-retors\/","url":"https:\/\/www.inoxidables.com\/fr\/chaudronnerie\/moufles-et-retors\/","name":"Moufles et retors de Flexinox Industrial | Fabrication sur mesure","isPartOf":{"@id":"https:\/\/www.inoxidables.com\/fr\/#website"},"primaryImageOfPage":{"@id":"https:\/\/www.inoxidables.com\/fr\/chaudronnerie\/moufles-et-retors\/#primaryimage"},"image":{"@id":"https:\/\/www.inoxidables.com\/fr\/chaudronnerie\/moufles-et-retors\/#primaryimage"},"thumbnailUrl":"https:\/\/www.inoxidables.com\/wp-content\/uploads\/2025\/01\/20221125_132048-scaled.jpg","datePublished":"2025-01-16T11:51:28+00:00","dateModified":"2025-01-29T16:37:47+00:00","description":"Nous fabriquons des moufles et des retors en acier r\u00e9fractaire pour les fours industriels \u00e0 haute r\u00e9sistance thermique et \u00e0 l'oxydation.","breadcrumb":{"@id":"https:\/\/www.inoxidables.com\/fr\/chaudronnerie\/moufles-et-retors\/#breadcrumb"},"inLanguage":"fr-FR","potentialAction":[{"@type":"ReadAction","target":["https:\/\/www.inoxidables.com\/fr\/chaudronnerie\/moufles-et-retors\/"]}]},{"@type":"ImageObject","inLanguage":"fr-FR","@id":"https:\/\/www.inoxidables.com\/fr\/chaudronnerie\/moufles-et-retors\/#primaryimage","url":"https:\/\/www.inoxidables.com\/wp-content\/uploads\/2025\/01\/20221125_132048-scaled.jpg","contentUrl":"https:\/\/www.inoxidables.com\/wp-content\/uploads\/2025\/01\/20221125_132048-scaled.jpg","width":2560,"height":1920,"caption":"Muflas y retortas para hornos industriales Flexinox Industrial"},{"@type":"BreadcrumbList","@id":"https:\/\/www.inoxidables.com\/fr\/chaudronnerie\/moufles-et-retors\/#breadcrumb","itemListElement":[{"@type":"ListItem","position":1,"name":"Home","item":"https:\/\/www.inoxidables.com\/fr\/"},{"@type":"ListItem","position":2,"name":"Chaudronnerie","item":"https:\/\/www.inoxidables.com\/fr\/chaudronnerie\/"},{"@type":"ListItem","position":3,"name":"Moufles et retors"}]},{"@type":"WebSite","@id":"https:\/\/www.inoxidables.com\/fr\/#website","url":"https:\/\/www.inoxidables.com\/fr\/","name":"Filinox - soluciones de acero inoxidable","description":"Soluciones de acero inoxidable","publisher":{"@id":"https:\/\/www.inoxidables.com\/fr\/#organization"},"alternateName":"Filinox","potentialAction":[{"@type":"SearchAction","target":{"@type":"EntryPoint","urlTemplate":"https:\/\/www.inoxidables.com\/fr\/?s={search_term_string}"},"query-input":{"@type":"PropertyValueSpecification","valueRequired":true,"valueName":"search_term_string"}}],"inLanguage":"fr-FR"},{"@type":"Organization","@id":"https:\/\/www.inoxidables.com\/fr\/#organization","name":"Filinox - soluciones de acero inoxidable","url":"https:\/\/www.inoxidables.com\/fr\/","logo":{"@type":"ImageObject","inLanguage":"fr-FR","@id":"https:\/\/www.inoxidables.com\/fr\/#\/schema\/logo\/image\/","url":"https:\/\/www.inoxidables.com\/wp-content\/uploads\/2025\/06\/cropped-60-1-scaled-1.png","contentUrl":"https:\/\/www.inoxidables.com\/wp-content\/uploads\/2025\/06\/cropped-60-1-scaled-1.png","width":2559,"height":513,"caption":"Filinox - soluciones de acero inoxidable"},"image":{"@id":"https:\/\/www.inoxidables.com\/fr\/#\/schema\/logo\/image\/"}}]}},"_links":{"self":[{"href":"https:\/\/www.inoxidables.com\/fr\/wp-json\/wp\/v2\/pages\/7202","targetHints":{"allow":["GET"]}}],"collection":[{"href":"https:\/\/www.inoxidables.com\/fr\/wp-json\/wp\/v2\/pages"}],"about":[{"href":"https:\/\/www.inoxidables.com\/fr\/wp-json\/wp\/v2\/types\/page"}],"author":[{"embeddable":true,"href":"https:\/\/www.inoxidables.com\/fr\/wp-json\/wp\/v2\/users\/2"}],"replies":[{"embeddable":true,"href":"https:\/\/www.inoxidables.com\/fr\/wp-json\/wp\/v2\/comments?post=7202"}],"version-history":[{"count":8,"href":"https:\/\/www.inoxidables.com\/fr\/wp-json\/wp\/v2\/pages\/7202\/revisions"}],"predecessor-version":[{"id":7414,"href":"https:\/\/www.inoxidables.com\/fr\/wp-json\/wp\/v2\/pages\/7202\/revisions\/7414"}],"up":[{"embeddable":true,"href":"https:\/\/www.inoxidables.com\/fr\/wp-json\/wp\/v2\/pages\/4651"}],"wp:featuredmedia":[{"embeddable":true,"href":"https:\/\/www.inoxidables.com\/fr\/wp-json\/wp\/v2\/media\/7285"}],"wp:attachment":[{"href":"https:\/\/www.inoxidables.com\/fr\/wp-json\/wp\/v2\/media?parent=7202"}],"curies":[{"name":"wp","href":"https:\/\/api.w.org\/{rel}","templated":true}]}}