{"id":4698,"date":"2024-04-12T06:56:26","date_gmt":"2024-04-12T06:56:26","guid":{"rendered":"https:\/\/www.inoxidables.com\/politique-de-confidentialite\/"},"modified":"2026-03-16T15:36:07","modified_gmt":"2026-03-16T15:36:07","slug":"politique-de-confidentialite","status":"publish","type":"page","link":"https:\/\/www.inoxidables.com\/fr\/politique-de-confidentialite\/","title":{"rendered":"Politique de Confidentialit\u00e9"},"content":{"rendered":"\n<p><strong>1. Responsable du Traitement<\/strong><\/p>\n\n\n\n<p><strong>GEST94, S.L.<\/strong>, dont le si\u00e8ge social est situ\u00e9 \u00e0 Sant Joan Baptista, 59, 08789 La Torre de Claramunt, Barcelona et avec le C.I.F. num\u00e9ro B-60690161 (ci-apr\u00e8s, \u00ab\u00a0Gest94\u00a0\u00bb), est charg\u00e9e de g\u00e9rer les informations et les donn\u00e9es personnelles collect\u00e9es via le site web www.inoxidables.com au nom et pour le compte de soci\u00e9t\u00e9 suivante :<\/p>\n\n\n\n<ul class=\"wp-block-list\">\n<li>Filinox, S.A.<\/li>\n<\/ul>\n\n\n\n<p>Gest94 est engag\u00e9e \u00e0 prot\u00e9ger et s\u00e9curiser les donn\u00e9es personnelles que les utilisateurs ou visiteurs du site https:\/\/www.inoxidables.com\/ pourraient nous fournir, ainsi qu&rsquo;\u00e0 traiter toutes les donn\u00e9es personnelles.<\/p>\n\n\n\n<p>Cette Politique de Traitement respecte strictement les exigences du R\u00e8glement 2016\/679 du Parlement europ\u00e9en et du Conseil du 27 avril 2016, relatif \u00e0 la protection des personnes physiques \u00e0 l&rsquo;\u00e9gard du traitement des donn\u00e9es \u00e0 caract\u00e8re personnel et \u00e0 la libre circulation de ces donn\u00e9es (ci-apr\u00e8s, \u00ab\u00a0RGPD\u00a0\u00bb) et de la Loi organique 3\/2018 du 5 d\u00e9cembre sur la protection des donn\u00e9es personnelles et la garantie des droits num\u00e9riques (ci-apr\u00e8s, \u00ab\u00a0LOPDGDD\u00a0\u00bb), et a pour but d&rsquo;informer les utilisateurs et visiteurs de notre site web \u00ab\u00a0https:\/\/www.inoxidables.com\/\u00a0\u00bb, de tout ce qui concerne la collecte et le traitement de leurs donn\u00e9es personnelles par Gest94.<\/p>\n\n\n\n<p>Gest94 se r\u00e9serve le droit de modifier et\/ou mettre \u00e0 jour cette Politique p\u00e9riodiquement, afin de l&rsquo;adapter \u00e0 la l\u00e9gislation applicable \u00e0 tout moment, ainsi qu&rsquo;aux pratiques l\u00e9gitimes de Gest94. En tout \u00e9tat de cause, le contenu de la nouvelle politique sera publi\u00e9 sur le site web et sera disponible en permanence pour les utilisateurs et les visiteurs. Il est recommand\u00e9 aux utilisateurs et aux visiteurs de lire et consulter cette Politique de Traitement chaque fois qu&rsquo;ils acc\u00e8dent \u00e0 ce site web.<\/p>\n\n\n\n<p>L&rsquo;acc\u00e8s et la navigation g\u00e9n\u00e9rale par les contenus affich\u00e9s sur le Site ne n\u00e9cessitent pas l&rsquo;inscription des utilisateurs.<\/p>\n\n\n\n<p><strong>2. Comment Gest94 collecte-t-elle les donn\u00e9es personnelles?<\/strong><\/p>\n\n\n\n<p>Les \u00ab\u00a0donn\u00e9es personnelles\u00a0\u00bb sont toutes les informations relatives \u00e0 une personne physique identifi\u00e9e ou identifiable (\u00ab\u00a0la personne concern\u00e9e\u00a0\u00bb); est consid\u00e9r\u00e9e comme personne physique identifiable toute personne dont l&rsquo;identit\u00e9 peut \u00eatre d\u00e9termin\u00e9e, directement ou indirectement, notamment par r\u00e9f\u00e9rence \u00e0 un identifiant, tel qu&rsquo;un nom, un num\u00e9ro d&rsquo;identification, des donn\u00e9es de localisation, un identifiant en ligne ou un ou plusieurs \u00e9l\u00e9ments sp\u00e9cifiques \u00e0 l&rsquo;identit\u00e9 physique, physiologique, g\u00e9n\u00e9tique, psychique, \u00e9conomique, culturelle ou sociale de cette personne;<\/p>\n\n\n\n<p>Gest94 collecte les informations de l&rsquo;utilisateur \u00e0 diff\u00e9rents moments via ce site web:<\/p>\n\n\n\n<p>Donn\u00e9es collect\u00e9es via le Site Web:<\/p>\n\n\n\n<ul class=\"wp-block-list\">\n<li>Formulaire de Contact: o\u00f9 sont demand\u00e9s le nom, l&rsquo;adresse e-mail, l&rsquo;entreprise, le secteur, le sujet et le message.<\/li>\n\n\n\n<li>Courrier \u00c9lectronique: info@inoxidables.com, d&rsquo;o\u00f9 l&rsquo;adresse e-mail et les donn\u00e9es du demandeur, les donn\u00e9es d&rsquo;identification, les postes de travail et le nom de l&rsquo;entreprise sont extraits.<\/li>\n\n\n\n<li>Cookies: Pendant la navigation sur le site web, via les Cookies. Consultez la Politique de Cookies.<\/li>\n<\/ul>\n\n\n\n<p><strong>3. \u00c0 quelles fins les donn\u00e9es personnelles collect\u00e9es sur le site web sont-elles utilis\u00e9es? Objectifs<\/strong><\/p>\n\n\n\n<ul class=\"wp-block-list\">\n<li><strong>Contact<\/strong><br>Via le contact sur le Site Web, les donn\u00e9es personnelles de l&rsquo;Utilisateur sont collect\u00e9es pour le contacter et r\u00e9pondre aux demandes d&rsquo;information.<br>Vos donn\u00e9es ne seront transmises \u00e0 aucun tiers (sauf aux soci\u00e9t\u00e9s du groupe). Vos donn\u00e9es seront conserv\u00e9es pendant 6 mois.<\/li>\n\n\n\n<li><strong>Courrier \u00e9lectronique info<\/strong><br>Via l&rsquo;adresse e-mail info@inoxidables.com, les donn\u00e9es personnelles de l&rsquo;Utilisateur sont collect\u00e9es pour le contacter et r\u00e9pondre aux demandes d&rsquo;information.<br>Vos donn\u00e9es ne seront transmises \u00e0 aucun tiers (sauf aux soci\u00e9t\u00e9s du groupe). Vos donn\u00e9es seront conserv\u00e9es pendant 6 mois.<\/li>\n\n\n\n<li><strong>Cookies<\/strong><br>D\u00e8s que le visiteur acc\u00e8de \u00e0 notre site web, son adresse Internet peut \u00eatre enregistr\u00e9e dans nos machines sous forme de fichiers LOG (historiques). Par cons\u00e9quent, l&rsquo;Utilisateur laisse une trace de l&rsquo;adresse IP qui lui a \u00e9t\u00e9 attribu\u00e9e lors de chaque session par son fournisseur d&rsquo;acc\u00e8s, de telle sorte que chaque demande, consultation, visite ou appel \u00e0 un \u00e9l\u00e9ment d&rsquo;un site web pourrait \u00eatre enregistr\u00e9. Cependant, les fichiers LOG sont anonymes (de sorte qu&rsquo;ils n&rsquo;identifient pas le nom et le pr\u00e9nom de l&rsquo;utilisateur) et seront utilis\u00e9s uniquement \u00e0 des fins internes telles que la r\u00e9alisation de statistiques, pour contr\u00f4ler les acc\u00e8s au site web. De m\u00eame, gr\u00e2ce aux cookies, des informations sur les habitudes de navigation d&rsquo;un Utilisateur ou de son \u00e9quipement peuvent \u00eatre stock\u00e9es et r\u00e9cup\u00e9r\u00e9es, et selon les informations qu&rsquo;ils contiennent et la mani\u00e8re dont vous utilisez votre \u00e9quipement, ils peuvent \u00eatre utilis\u00e9s pour reconna\u00eetre l&rsquo;utilisateur. Consultez la Politique de Cookies.<br><\/li>\n<\/ul>\n\n\n\n<p><strong>4. Comment dois-je mettre \u00e0 jour mes donn\u00e9es personnelles?<\/strong><br><br>L&rsquo;Utilisateur garantit que les donn\u00e9es personnelles fournies \u00e0 Gest94 via https:\/\/www.inoxidables.com\/, par le biais des adresses e-mail de Contact, sont v\u00e9ridiques, correctes, actuelles et compl\u00e8tes, et il est responsable de communiquer \u00e0 Gest94 toute modification ou mise \u00e0 jour de celles-ci.<\/p>\n\n\n\n<p><strong>5. Que se passe-t-il si je fournis \u00e0 Gest94 des donn\u00e9es de tiers?<\/strong><br><br>Dans le cas o\u00f9 l&rsquo;Utilisateur inclut des donn\u00e9es personnelles concernant des personnes physiques autres que l&rsquo;Utilisateur, il doit, avant l&rsquo;inclusion ou la communication de leurs donn\u00e9es \u00e0 Gest94, informer ces personnes du contenu de cette Politique de Confidentialit\u00e9. L&rsquo;Utilisateur garantit avoir obtenu le consentement pr\u00e9alable de ces tiers pour la communication de leurs donn\u00e9es personnelles \u00e0 Gest94.<br><br><strong>6. Quand est-il consid\u00e9r\u00e9 que j&rsquo;ai autoris\u00e9 Gest94 \u00e0 traiter mes donn\u00e9es?<\/strong><\/p>\n\n\n\n<p>L\u00e9gitimation: D\u00e8s que l&rsquo;Utilisateur nous donne son consentement sans \u00e9quivoque, libre et r\u00e9vocable pour traiter vos donn\u00e9es personnelles aux fins d\u00e9crites dans les clauses d&rsquo;information et dans cette Politique de Traitement des Donn\u00e9es.<br><br><strong>7. Droits des personnes concern\u00e9es<\/strong><br><br>En tant qu&rsquo;utilisateur et personne concern\u00e9e, vous pouvez exercer les droits suivants \u00e9tablis par la l\u00e9gislation applicable:<br><\/p>\n\n\n\n<ul class=\"wp-block-list\">\n<li>Droit d&rsquo;acc\u00e8s: \u00e0 vos donn\u00e9es personnelles qui vous permet de nous contacter pour savoir si nous traitons ou non vos donn\u00e9es personnelles.<\/li>\n\n\n\n<li>Droit de rectification: qui vous permet d&rsquo;obtenir la rectification de vos donn\u00e9es personnelles inexactes.<\/li>\n\n\n\n<li>Droit d&rsquo;opposition: comme son nom l&rsquo;indique, vous permet de vous opposer, en totalit\u00e9 ou en partie, au traitement de vos donn\u00e9es personnelles.<\/li>\n\n\n\n<li>Droit de suppression: pour demander la suppression des donn\u00e9es.<\/li>\n\n\n\n<li>Droit \u00e0 la limitation du traitement: qui consiste \u00e0 ce que l&rsquo;utilisateur obtienne la limitation du traitement de ses donn\u00e9es que nous r\u00e9alisons chez Gest94.<\/li>\n\n\n\n<li>Droit de retirer votre consentement: \u00e0 tout moment, sans que cela n&rsquo;affecte la validit\u00e9 du traitement avant le retrait.<\/li>\n\n\n\n<li>Droit de demander la portabilit\u00e9: c&rsquo;est-\u00e0-dire que les donn\u00e9es personnelles que vous nous avez fournies vous soient retourn\u00e9es ou transmises \u00e0 un autre responsable du traitement, dans un format structur\u00e9, couramment utilis\u00e9, lisible par machine et interop\u00e9rable, sans aucun obstacle de la part de Gest94.<\/li>\n<\/ul>\n\n\n\n<p>Pour exercer l&rsquo;un de ces droits, l&rsquo;utilisateur doit joindre une photocopie de sa carte d&rsquo;identit\u00e9 ou un document d&rsquo;identification \u00e9quivalent, en s&rsquo;adressant \u00e0 Gest94, S.L., soit \u00e0 l&rsquo;adresse postale: Sant Joan Baptista, 59, 08789 La Torre de Claramunt, Barcelone, soit par e-mail: info@inoxidables.com en indiquant dans le champ objet: Droits RGPD.<br><br><strong>8. S\u00e9curit\u00e9 de vos donn\u00e9es personnelles<\/strong><br><br>Afin de garantir la s\u00e9curit\u00e9 de vos donn\u00e9es personnelles, nous vous informons que nous avons pris toutes les mesures techniques et organisationnelles n\u00e9cessaires pour garantir la s\u00e9curit\u00e9 des donn\u00e9es personnelles fournies, contre leur alt\u00e9ration, perte, traitement ou acc\u00e8s non autoris\u00e9.<br><br><strong>9. Contact<\/strong><\/p>\n\n\n\n<p>Si vous avez des questions ou des pr\u00e9occupations concernant la mani\u00e8re dont nous traitons et utilisons vos donn\u00e9es personnelles ou si vous souhaitez exercer l&rsquo;un des droits d\u00e9crits ci-dessus, veuillez nous contacter: info@inoxidables.com.<\/p>\n","protected":false},"excerpt":{"rendered":"<p>1. Responsable du Traitement GEST94, S.L., dont le si\u00e8ge social est situ\u00e9 \u00e0 Sant Joan &#8230; <a title=\"Politique de Confidentialit\u00e9\" class=\"read-more\" href=\"https:\/\/www.inoxidables.com\/fr\/politique-de-confidentialite\/\" aria-label=\"En savoir plus sur Politique de Confidentialit\u00e9\">Lire plus<\/a><\/p>\n","protected":false},"author":1,"featured_media":0,"parent":0,"menu_order":997,"comment_status":"closed","ping_status":"closed","template":"","meta":{"_coblocks_attr":"","_coblocks_dimensions":"","_coblocks_responsive_height":"","_coblocks_accordion_ie_support":"","footnotes":""},"class_list":["post-4698","page","type-page","status-publish"],"yoast_head":"<!-- This site is optimized with the Yoast SEO plugin v25.4 - https:\/\/yoast.com\/wordpress\/plugins\/seo\/ -->\n<title>Politique de Confidentialit\u00e9 - Filinox | Soluciones de acero inoxidable<\/title>\n<meta name=\"robots\" content=\"index, follow, max-snippet:-1, max-image-preview:large, max-video-preview:-1\" \/>\n<link rel=\"canonical\" href=\"https:\/\/www.inoxidables.com\/fr\/politique-de-confidentialite\/\" \/>\n<meta property=\"og:locale\" content=\"fr_FR\" \/>\n<meta property=\"og:type\" content=\"article\" \/>\n<meta property=\"og:title\" content=\"Politique de Confidentialit\u00e9 - Filinox | Soluciones de acero inoxidable\" \/>\n<meta property=\"og:description\" content=\"1. Responsable du Traitement GEST94, S.L., dont le si\u00e8ge social est situ\u00e9 \u00e0 Sant Joan ... Lire plus\" \/>\n<meta property=\"og:url\" content=\"https:\/\/www.inoxidables.com\/fr\/politique-de-confidentialite\/\" \/>\n<meta property=\"og:site_name\" content=\"Filinox | Soluciones de acero inoxidable\" \/>\n<meta property=\"article:modified_time\" content=\"2026-03-16T15:36:07+00:00\" \/>\n<meta property=\"og:image\" content=\"https:\/\/www.inoxidables.com\/wp-content\/uploads\/2024\/04\/garantia-de-que-hacemos-las-cosas-bien_Filinox.jpg\" \/>\n\t<meta property=\"og:image:width\" content=\"1500\" \/>\n\t<meta property=\"og:image:height\" content=\"1125\" \/>\n\t<meta property=\"og:image:type\" content=\"image\/jpeg\" \/>\n<meta name=\"twitter:card\" content=\"summary_large_image\" \/>\n<meta name=\"twitter:label1\" content=\"Dur\u00e9e de lecture estim\u00e9e\" \/>\n\t<meta name=\"twitter:data1\" content=\"6 minutes\" \/>\n<script type=\"application\/ld+json\" class=\"yoast-schema-graph\">{\"@context\":\"https:\/\/schema.org\",\"@graph\":[{\"@type\":\"WebPage\",\"@id\":\"https:\/\/www.inoxidables.com\/fr\/politique-de-confidentialite\/\",\"url\":\"https:\/\/www.inoxidables.com\/fr\/politique-de-confidentialite\/\",\"name\":\"Politique de Confidentialit\u00e9 - Filinox | Soluciones de acero inoxidable\",\"isPartOf\":{\"@id\":\"https:\/\/www.inoxidables.com\/fr\/#website\"},\"datePublished\":\"2024-04-12T06:56:26+00:00\",\"dateModified\":\"2026-03-16T15:36:07+00:00\",\"breadcrumb\":{\"@id\":\"https:\/\/www.inoxidables.com\/fr\/politique-de-confidentialite\/#breadcrumb\"},\"inLanguage\":\"fr-FR\",\"potentialAction\":[{\"@type\":\"ReadAction\",\"target\":[\"https:\/\/www.inoxidables.com\/fr\/politique-de-confidentialite\/\"]}]},{\"@type\":\"BreadcrumbList\",\"@id\":\"https:\/\/www.inoxidables.com\/fr\/politique-de-confidentialite\/#breadcrumb\",\"itemListElement\":[{\"@type\":\"ListItem\",\"position\":1,\"name\":\"Home\",\"item\":\"https:\/\/www.inoxidables.com\/fr\/\"},{\"@type\":\"ListItem\",\"position\":2,\"name\":\"Politique de Confidentialit\u00e9\"}]},{\"@type\":\"WebSite\",\"@id\":\"https:\/\/www.inoxidables.com\/fr\/#website\",\"url\":\"https:\/\/www.inoxidables.com\/fr\/\",\"name\":\"Filinox - soluciones de acero inoxidable\",\"description\":\"Soluciones de acero inoxidable\",\"publisher\":{\"@id\":\"https:\/\/www.inoxidables.com\/fr\/#organization\"},\"alternateName\":\"Filinox\",\"potentialAction\":[{\"@type\":\"SearchAction\",\"target\":{\"@type\":\"EntryPoint\",\"urlTemplate\":\"https:\/\/www.inoxidables.com\/fr\/?s={search_term_string}\"},\"query-input\":{\"@type\":\"PropertyValueSpecification\",\"valueRequired\":true,\"valueName\":\"search_term_string\"}}],\"inLanguage\":\"fr-FR\"},{\"@type\":\"Organization\",\"@id\":\"https:\/\/www.inoxidables.com\/fr\/#organization\",\"name\":\"Filinox - soluciones de acero inoxidable\",\"url\":\"https:\/\/www.inoxidables.com\/fr\/\",\"logo\":{\"@type\":\"ImageObject\",\"inLanguage\":\"fr-FR\",\"@id\":\"https:\/\/www.inoxidables.com\/fr\/#\/schema\/logo\/image\/\",\"url\":\"https:\/\/www.inoxidables.com\/wp-content\/uploads\/2025\/06\/cropped-60-1-scaled-1.png\",\"contentUrl\":\"https:\/\/www.inoxidables.com\/wp-content\/uploads\/2025\/06\/cropped-60-1-scaled-1.png\",\"width\":2559,\"height\":513,\"caption\":\"Filinox - soluciones de acero inoxidable\"},\"image\":{\"@id\":\"https:\/\/www.inoxidables.com\/fr\/#\/schema\/logo\/image\/\"}}]}<\/script>\n<!-- \/ Yoast SEO plugin. -->","yoast_head_json":{"title":"Politique de Confidentialit\u00e9 - Filinox | Soluciones de acero inoxidable","robots":{"index":"index","follow":"follow","max-snippet":"max-snippet:-1","max-image-preview":"max-image-preview:large","max-video-preview":"max-video-preview:-1"},"canonical":"https:\/\/www.inoxidables.com\/fr\/politique-de-confidentialite\/","og_locale":"fr_FR","og_type":"article","og_title":"Politique de Confidentialit\u00e9 - Filinox | Soluciones de acero inoxidable","og_description":"1. Responsable du Traitement GEST94, S.L., dont le si\u00e8ge social est situ\u00e9 \u00e0 Sant Joan ... Lire plus","og_url":"https:\/\/www.inoxidables.com\/fr\/politique-de-confidentialite\/","og_site_name":"Filinox | Soluciones de acero inoxidable","article_modified_time":"2026-03-16T15:36:07+00:00","og_image":[{"width":1500,"height":1125,"url":"https:\/\/www.inoxidables.com\/wp-content\/uploads\/2024\/04\/garantia-de-que-hacemos-las-cosas-bien_Filinox.jpg","type":"image\/jpeg"}],"twitter_card":"summary_large_image","twitter_misc":{"Dur\u00e9e de lecture estim\u00e9e":"6 minutes"},"schema":{"@context":"https:\/\/schema.org","@graph":[{"@type":"WebPage","@id":"https:\/\/www.inoxidables.com\/fr\/politique-de-confidentialite\/","url":"https:\/\/www.inoxidables.com\/fr\/politique-de-confidentialite\/","name":"Politique de Confidentialit\u00e9 - Filinox | Soluciones de acero inoxidable","isPartOf":{"@id":"https:\/\/www.inoxidables.com\/fr\/#website"},"datePublished":"2024-04-12T06:56:26+00:00","dateModified":"2026-03-16T15:36:07+00:00","breadcrumb":{"@id":"https:\/\/www.inoxidables.com\/fr\/politique-de-confidentialite\/#breadcrumb"},"inLanguage":"fr-FR","potentialAction":[{"@type":"ReadAction","target":["https:\/\/www.inoxidables.com\/fr\/politique-de-confidentialite\/"]}]},{"@type":"BreadcrumbList","@id":"https:\/\/www.inoxidables.com\/fr\/politique-de-confidentialite\/#breadcrumb","itemListElement":[{"@type":"ListItem","position":1,"name":"Home","item":"https:\/\/www.inoxidables.com\/fr\/"},{"@type":"ListItem","position":2,"name":"Politique de Confidentialit\u00e9"}]},{"@type":"WebSite","@id":"https:\/\/www.inoxidables.com\/fr\/#website","url":"https:\/\/www.inoxidables.com\/fr\/","name":"Filinox - soluciones de acero inoxidable","description":"Soluciones de acero inoxidable","publisher":{"@id":"https:\/\/www.inoxidables.com\/fr\/#organization"},"alternateName":"Filinox","potentialAction":[{"@type":"SearchAction","target":{"@type":"EntryPoint","urlTemplate":"https:\/\/www.inoxidables.com\/fr\/?s={search_term_string}"},"query-input":{"@type":"PropertyValueSpecification","valueRequired":true,"valueName":"search_term_string"}}],"inLanguage":"fr-FR"},{"@type":"Organization","@id":"https:\/\/www.inoxidables.com\/fr\/#organization","name":"Filinox - soluciones de acero inoxidable","url":"https:\/\/www.inoxidables.com\/fr\/","logo":{"@type":"ImageObject","inLanguage":"fr-FR","@id":"https:\/\/www.inoxidables.com\/fr\/#\/schema\/logo\/image\/","url":"https:\/\/www.inoxidables.com\/wp-content\/uploads\/2025\/06\/cropped-60-1-scaled-1.png","contentUrl":"https:\/\/www.inoxidables.com\/wp-content\/uploads\/2025\/06\/cropped-60-1-scaled-1.png","width":2559,"height":513,"caption":"Filinox - soluciones de acero inoxidable"},"image":{"@id":"https:\/\/www.inoxidables.com\/fr\/#\/schema\/logo\/image\/"}}]}},"_links":{"self":[{"href":"https:\/\/www.inoxidables.com\/fr\/wp-json\/wp\/v2\/pages\/4698","targetHints":{"allow":["GET"]}}],"collection":[{"href":"https:\/\/www.inoxidables.com\/fr\/wp-json\/wp\/v2\/pages"}],"about":[{"href":"https:\/\/www.inoxidables.com\/fr\/wp-json\/wp\/v2\/types\/page"}],"author":[{"embeddable":true,"href":"https:\/\/www.inoxidables.com\/fr\/wp-json\/wp\/v2\/users\/1"}],"replies":[{"embeddable":true,"href":"https:\/\/www.inoxidables.com\/fr\/wp-json\/wp\/v2\/comments?post=4698"}],"version-history":[{"count":4,"href":"https:\/\/www.inoxidables.com\/fr\/wp-json\/wp\/v2\/pages\/4698\/revisions"}],"predecessor-version":[{"id":8184,"href":"https:\/\/www.inoxidables.com\/fr\/wp-json\/wp\/v2\/pages\/4698\/revisions\/8184"}],"wp:attachment":[{"href":"https:\/\/www.inoxidables.com\/fr\/wp-json\/wp\/v2\/media?parent=4698"}],"curies":[{"name":"wp","href":"https:\/\/api.w.org\/{rel}","templated":true}]}}