{"id":4696,"date":"2024-05-30T13:20:14","date_gmt":"2024-05-30T13:20:14","guid":{"rendered":"https:\/\/www.inoxidables.com\/mentions-legales\/"},"modified":"2026-02-25T08:25:54","modified_gmt":"2026-02-25T08:25:54","slug":"mentions-legales","status":"publish","type":"page","link":"https:\/\/www.inoxidables.com\/fr\/mentions-legales\/","title":{"rendered":"Mentions L\u00e9gales"},"content":{"rendered":"\n<p><strong><strong>1. Propri\u00e9t\u00e9 du site Web<\/strong><\/strong><\/p>\n\n\n\n<p>Conform\u00e9ment \u00e0 l&rsquo;article 10 de la loi 34\/2002 du 11 juillet, relative aux Services de la Soci\u00e9t\u00e9 de l&rsquo;Information et au Commerce \u00c9lectronique (ci-apr\u00e8s, <strong>\u00ab\u00a0LSSI\u00a0\u00bb<\/strong>), nous vous informons que le site web https:\/\/www.inoxidables.com\/ (ci-apr\u00e8s, le <strong>\u00ab\u00a0Site Web\u00a0\u00bb<\/strong> ou la <strong>\u00ab\u00a0Web\u00a0\u00bb<\/strong>) est la propri\u00e9t\u00e9 de GEST 94, S.L. (ci-apr\u00e8s, <strong>\u00ab\u00a0Gest94\u00a0\u00bb<\/strong>), dont le si\u00e8ge social est situ\u00e9 \u00e0:<\/p>\n\n\n\n<p><strong>Adresse : <\/strong>Sant Joan Baptista, 59, 08789 La Torre de Claramunt, Barcelona<strong><br>C.I.F : <\/strong>B-60690161<strong><br>T\u00e9l. : <\/strong>(+34) 932 232 662<strong><br>Email : <\/strong>info@inoxidables.com<\/p>\n\n\n\n<p>Le site web \u201chttps:\/\/www.inoxidables.com\/\u201d a \u00e9t\u00e9 cr\u00e9\u00e9 par Gest94 \u00e0 des fins informatives pour les utilisateurs de Filinox, S.A. et Torniller\u00eda del Besos, S.A., ce nom de domaine \u00e9tant enregistr\u00e9 au nom de Gest94.<\/p>\n\n\n\n<p><strong><strong>2. Utilisation du site Web<\/strong><\/strong><br><br>Les pr\u00e9sentes Mentions L\u00e9gales (ci-apr\u00e8s, <strong>\u00ab\u00a0Mentions L\u00e9gales\u00a0\u00bb<\/strong>) \u00e9tablissent les conditions r\u00e9gissant l&rsquo;utilisation des services de la soci\u00e9t\u00e9 de l&rsquo;information que Gest94 met \u00e0 disposition des utilisateurs via la Web.<\/p>\n\n\n\n<p>L&rsquo;acc\u00e8s et l&rsquo;utilisation de la Web impliquent que l&rsquo;utilisateur (ci-apr\u00e8s, <strong>\u00ab\u00a0Utilisateur\u00a0\u00bb<\/strong>) accepte pleinement et s&rsquo;engage \u00e0 respecter enti\u00e8rement les pr\u00e9sentes Mentions L\u00e9gales, les termes et conditions, ainsi que les instructions ou recommandations qui lui sont indiqu\u00e9es dans chaque cas sp\u00e9cifique.<\/p>\n\n\n\n<p>L&rsquo;acc\u00e8s au Site Web est gratuit, sauf en ce qui concerne le co\u00fbt de connexion via le r\u00e9seau de t\u00e9l\u00e9communications fourni par le fournisseur d&rsquo;acc\u00e8s que l&rsquo;Utilisateur a contract\u00e9.<\/p>\n\n\n\n<p>Gest94 se r\u00e9serve le droit de modifier et de mettre \u00e0 jour, \u00e0 tout moment et sans pr\u00e9avis, la Web et ses contenus, configuration et pr\u00e9sentation, y compris les pr\u00e9sentes Mentions L\u00e9gales, de sorte que nous vous recommandons de les lire avant chaque acc\u00e8s et navigation sur la Web.<\/p>\n\n\n\n<p>L&rsquo;Utilisateur s&rsquo;engage \u00e0 ne pas utiliser le Site Web \u00e0 des fins frauduleuses et \u00e0 ne pas adopter un comportement susceptible de nuire \u00e0 l&rsquo;image, aux int\u00e9r\u00eats et aux droits de Gest94 ou de tiers, en s&rsquo;obligeant \u00e0 utiliser la Web, les Services et les contenus inclus de mani\u00e8re diligente, correcte et l\u00e9gale. En particulier, l&rsquo;Utilisateur s&rsquo;engage \u00e0 s&rsquo;abstenir de : supprimer, \u00e9chapper ou manipuler le \u00abcopyright\u00bb et autres donn\u00e9es identifiants les droits des titulaires int\u00e9gr\u00e9s dans les contenus de la Web, ainsi que les dispositifs techniques de protection ou tout m\u00e9canisme d&rsquo;information pouvant \u00eatre inclus dans ces contenus. De m\u00eame, l&rsquo;Utilisateur s&rsquo;engage \u00e0 ne pas poser d&rsquo;acte visant \u00e0 endommager, rendre inutilisable ou surcharger le Site Web, ou emp\u00eacher, de quelque mani\u00e8re que ce soit, l&rsquo;utilisation normale et le fonctionnement de celui-ci.<\/p>\n\n\n\n<p>En cas de non-respect de ces Mentions L\u00e9gales ou si Gest94 soup\u00e7onne raisonnablement que l&rsquo;Utilisateur les enfreint, elle se r\u00e9serve le droit de limiter, suspendre ou mettre fin \u00e0 son acc\u00e8s au Site Web, en adoptant toute mesure technique n\u00e9cessaire \u00e0 cette fin.<\/p>\n\n\n\n<p><strong><strong>3. Inscription de l&rsquo;utilisateur<\/strong><\/strong><br><br>L&rsquo;acc\u00e8s aux informations et \u00e0 une partie des contenus affich\u00e9s sur la Web ne n\u00e9cessite pas l&rsquo;enregistrement des Utilisateurs.<\/p>\n\n\n\n<p><strong><strong>4. Propri\u00e9t\u00e9 intellectuelle et industrielle.<\/strong><\/strong><br><br>Les droits de propri\u00e9t\u00e9 intellectuelle sur la disposition des contenus de la Web (y compris le droit sui generis sur la base de donn\u00e9es), son design graphique (look&amp;feel), les signes distinctifs (marques, logos, noms commerciaux et le slogan publicitaire), les programmes informatiques sous-jacents (y compris les codes sources), ainsi que les divers \u00e9l\u00e9ments int\u00e9grant la Web (textes, graphiques, photographies, vid\u00e9os, etc.) appartiennent \u00e0 Gest94 ou, le cas \u00e9ch\u00e9ant, dispose du droit d&rsquo;utilisation et d&rsquo;exploitation de ceux-ci, et en ce sens, constituent des \u0153uvres prot\u00e9g\u00e9es par la l\u00e9gislation de propri\u00e9t\u00e9 intellectuelle et industrielle en vigueur.<\/p>\n\n\n\n<p>L&rsquo;utilisation de la Web par l&rsquo;Utilisateur n&rsquo;implique en aucun cas la cession d&rsquo;un quelconque droit de propri\u00e9t\u00e9 intellectuelle et\/ou industrielle sur la Web, ses contenus et\/ou les signes distinctifs de Gest94.<br>\u00c0 cet effet, sauf dans les cas o\u00f9 cela est l\u00e9galement permis, il est express\u00e9ment interdit \u00e0 l&rsquo;Utilisateur de reproduire, transformer, distribuer, communiquer publiquement, mettre \u00e0 disposition, extraire et\/ou r\u00e9utiliser la Web, ses contenus et\/ou les signes distinctifs de Gest94.<\/p>\n\n\n\n<p>La reproduction d&rsquo;\u00e9l\u00e9ments ou de contenus de la Web \u00e0 des fins lucratives ou commerciales est express\u00e9ment et strictement interdite.<\/p>\n\n\n\n<p><strong><strong>5. Limitation de responsabilit\u00e9<\/strong><\/strong><br><br>L&rsquo;Utilisateur reconna\u00eet et accepte que l&rsquo;utilisation de la Web se fait \u00e0 tout moment \u00e0 ses propres risques et responsabilit\u00e9s, de sorte que Gest94 n&rsquo;est pas responsable de la mauvaise utilisation ou de l&rsquo;utilisation abusive qui pourrait \u00eatre faite de la Web. \u00c0 cet effet, elle ne sera responsable des dommages que l&rsquo;Utilisateur pourrait subir en raison de l&rsquo;utilisation de la Web, que lorsque ces dommages sont dus \u00e0 une action intentionnelle de notre part.<br>En particulier, Gest94 ne sera pas responsable de:<br><\/p>\n\n\n\n<ul class=\"wp-block-list\">\n<li>Le contenu des sites li\u00e9s via les liens inclus dans la Web. \u00c0 cet \u00e9gard, les termes \u00e9nonc\u00e9s dans la section 6 des pr\u00e9sentes Mentions L\u00e9gales s&rsquo;appliqueront.<\/li>\n\n\n\n<li>Les dommages de toute nature caus\u00e9s aux \u00e9quipements informatiques de l&rsquo;Utilisateur par des virus, vers, chevaux de Troie ou tout autre \u00e9l\u00e9ment nuisible L&rsquo;Utilisateur reconna\u00eet que l&rsquo;utilisation d&rsquo;Internet implique un risque que ses \u00e9quipements informatiques puissent \u00eatre affect\u00e9s par les \u00e9l\u00e9ments \u00e9nonc\u00e9s ci-dessus. \u00c0 cet effet, il appartient \u00e0 l&rsquo;Utilisateur, en tout \u00e9tat de cause, de disposer d&rsquo;outils ad\u00e9quats pour la d\u00e9tection et l&rsquo;\u00e9limination des programmes \u00e9lectroniques nuisibles.<\/li>\n\n\n\n<li>Les dommages de toute nature caus\u00e9s \u00e0 l&rsquo;Utilisateur r\u00e9sultant de d\u00e9faillances ou de d\u00e9connexions dans les r\u00e9seaux de t\u00e9l\u00e9communications qui entra\u00eenent la suspension, l&rsquo;annulation ou l&rsquo;interruption du service de la Web. \u00c0 cet \u00e9gard, l&rsquo;Utilisateur reconna\u00eet que l&rsquo;acc\u00e8s \u00e0 la Web n\u00e9cessite des services fournis par des tiers hors du contr\u00f4le de Gest94 (\u00e0 titre d&rsquo;exemple : op\u00e9rateurs de r\u00e9seaux de t\u00e9l\u00e9communications, fournisseurs d&rsquo;acc\u00e8s, etc.) dont la fiabilit\u00e9, la qualit\u00e9, la continuit\u00e9 et le fonctionnement ne correspondent pas \u00e0 Gest94.<\/li>\n<\/ul>\n\n\n\n<p><strong><strong>6. Links ou hyperliens<\/strong><\/strong><\/p>\n\n\n\n<p>Le Site Web inclut ou peut inclure des liens permettant \u00e0 l&rsquo;Utilisateur d&rsquo;acc\u00e9der \u00e0 d&rsquo;autres pages et portails Internet (ci-apr\u00e8s, <strong>\u00ab\u00a0Liens\u00a0\u00bb<\/strong>). Dans ce cas, Gest94 agit en tant que prestataire de services d&rsquo;interm\u00e9diation conform\u00e9ment \u00e0 l&rsquo;article 17 de la LSSI, et ne sera responsable des contenus et services fournis sur les Sites Li\u00e9s que dans la mesure o\u00f9 elle a connaissance effective de l&rsquo;ill\u00e9galit\u00e9 et n&rsquo;a pas d\u00e9sactiv\u00e9 le lien avec la diligence n\u00e9cessaire. Si l&rsquo;Utilisateur consid\u00e8re qu&rsquo;un Lien contient des contenus illicites ou inappropri\u00e9s, nous le prions de le notifier \u00e0 Gest94 via info@inoxidables.com. En aucun cas, cette communication n&rsquo;impliquera l&rsquo;obligation de retirer le lien correspondant.<\/p>\n\n\n\n<p>L&rsquo;existence de Liens n&rsquo;implique en aucun cas que Gest94 a une connaissance effective ou de tout autre type des services et contenus de ceux-ci en cas d&rsquo;ill\u00e9galit\u00e9, ni qu&rsquo;elle a n\u00e9cessairement des accords avec les responsables ou titulaires des Liens. Elle n&rsquo;implique pas non plus l&rsquo;existence de tels Liens, une recommandation, une promotion, une identification ou une conformit\u00e9 de Gest94 avec les d\u00e9clarations, contenus ou services fournis via les Liens. En cons\u00e9quence, Gest94 ne se porte pas responsable du contenu des Liens, ni de leurs conditions d&rsquo;utilisation et politiques de confidentialit\u00e9, l&rsquo;Utilisateur \u00e9tant le seul responsable de les v\u00e9rifier et de les accepter \u00e0 chaque fois qu&rsquo;il acc\u00e8de et utilise ceux-ci.<\/p>\n\n\n\n<p>L&rsquo;Utilisateur et, en g\u00e9n\u00e9ral, toute personne physique ou morale qui se propose d&rsquo;\u00e9tablir un lien depuis sa page ou son site vers la Web, devra obtenir une autorisation pr\u00e9alable et \u00e9crite de Gest94. L&rsquo;\u00e9tablissement d&rsquo;un tel lien n&rsquo;implique en aucun cas l&rsquo;existence de relations entre Gest94 et le propri\u00e9taire ou titulaire du site ou de la page dans laquelle il est \u00e9tabli, ni l&rsquo;acceptation ou l&rsquo;approbation par Gest94 de ses contenus ou services.<\/p>\n\n\n\n<p>En tout \u00e9tat de cause, Gest94 se r\u00e9serve le droit d&rsquo;interdire ou de d\u00e9sactiver \u00e0 tout moment les liens vers le Site Web, en particulier dans les cas d&rsquo;ill\u00e9galit\u00e9 de l&rsquo;activit\u00e9 ou des contenus de la page ou du site dans lesquels il est inclus.<br><br><strong>7. <strong>S\u00e9curit\u00e9<\/strong><\/strong><br><br>Gest94 fait tout son possible pour garantir que la navigation sur ce site Web se fasse dans les meilleures conditions.<\/p>\n\n\n\n<p>Il est interdit de d\u00e9compiler, de proc\u00e9der \u00e0 une ing\u00e9nierie inverse, de sous-licencier ou de transmettre de quelque mani\u00e8re que ce soit, de traduire ou de cr\u00e9er des \u0153uvres d\u00e9riv\u00e9es des programmes informatiques n\u00e9cessaires au fonctionnement, \u00e0 l&rsquo;acc\u00e8s et \u00e0 l&rsquo;utilisation de ce site Web et des services qu&rsquo;il contient. L&rsquo;utilisateur du site Web doit en tout cas s&rsquo;abstenir de supprimer, alt\u00e9rer, contourner ou manipuler les dispositifs de protection ou les syst\u00e8mes de s\u00e9curit\u00e9 pouvant \u00eatre install\u00e9s sur celui-ci.<\/p>\n\n\n\n<p>Gest94 ne sera pas responsable de tout type de pr\u00e9judice subi par les Utilisateurs en raison de l&rsquo;utilisation de navigateurs ou de versions diff\u00e9rentes des navigateurs pour lesquels ce site Web a \u00e9t\u00e9 con\u00e7u.<\/p>\n\n\n\n<p><strong>8. <strong>Nullit\u00e9 des dispositions<\/strong><\/strong><br><br>Dans le cas o\u00f9 l&rsquo;une des dispositions contenues dans les pr\u00e9sentes Mentions L\u00e9gales serait d\u00e9clar\u00e9e nulle, elle sera retir\u00e9e ou remplac\u00e9e. En tout \u00e9tat de cause, cette d\u00e9claration de nullit\u00e9 n&rsquo;affectera pas la validit\u00e9 des autres dispositions recueillies dans les pr\u00e9sentes Mentions L\u00e9gales.<br><br><strong><strong>9. L\u00e9gislation applicable et Tribunaux comp\u00e9tents<\/strong><\/strong><\/p>\n\n\n\n<p>L&rsquo;utilisation de la Web est r\u00e9gie et interpr\u00e9t\u00e9e conform\u00e9ment \u00e0 la loi espagnole et il sera entendu que, par l&rsquo;utilisation du Site Web, l&rsquo;Utilisateur accepte que tout conflit ou litige entre lui et Gest94 sera trait\u00e9, conform\u00e9ment \u00e0 la r\u00e9glementation applicable.<\/p>\n","protected":false},"excerpt":{"rendered":"<p>1. Propri\u00e9t\u00e9 du site Web Conform\u00e9ment \u00e0 l&rsquo;article 10 de la loi 34\/2002 du 11 &#8230; <a title=\"Mentions L\u00e9gales\" class=\"read-more\" href=\"https:\/\/www.inoxidables.com\/fr\/mentions-legales\/\" aria-label=\"En savoir plus sur Mentions L\u00e9gales\">Lire plus<\/a><\/p>\n","protected":false},"author":1,"featured_media":0,"parent":0,"menu_order":997,"comment_status":"closed","ping_status":"closed","template":"","meta":{"_coblocks_attr":"","_coblocks_dimensions":"","_coblocks_responsive_height":"","_coblocks_accordion_ie_support":"","footnotes":""},"class_list":["post-4696","page","type-page","status-publish"],"yoast_head":"<!-- This site is optimized with the Yoast SEO plugin v25.4 - https:\/\/yoast.com\/wordpress\/plugins\/seo\/ -->\n<title>Mentions L\u00e9gales - Filinox | Soluciones de acero inoxidable<\/title>\n<meta name=\"robots\" content=\"index, follow, max-snippet:-1, max-image-preview:large, max-video-preview:-1\" \/>\n<link rel=\"canonical\" href=\"https:\/\/www.inoxidables.com\/fr\/mentions-legales\/\" \/>\n<meta property=\"og:locale\" content=\"fr_FR\" \/>\n<meta property=\"og:type\" content=\"article\" \/>\n<meta property=\"og:title\" content=\"Mentions L\u00e9gales - Filinox | Soluciones de acero inoxidable\" \/>\n<meta property=\"og:description\" content=\"1. Propri\u00e9t\u00e9 du site Web Conform\u00e9ment \u00e0 l&rsquo;article 10 de la loi 34\/2002 du 11 ... Lire plus\" \/>\n<meta property=\"og:url\" content=\"https:\/\/www.inoxidables.com\/fr\/mentions-legales\/\" \/>\n<meta property=\"og:site_name\" content=\"Filinox | Soluciones de acero inoxidable\" \/>\n<meta property=\"article:modified_time\" content=\"2026-02-25T08:25:54+00:00\" \/>\n<meta property=\"og:image\" content=\"https:\/\/www.inoxidables.com\/wp-content\/uploads\/2024\/04\/garantia-de-que-hacemos-las-cosas-bien_Filinox.jpg\" \/>\n\t<meta property=\"og:image:width\" content=\"1500\" \/>\n\t<meta property=\"og:image:height\" content=\"1125\" \/>\n\t<meta property=\"og:image:type\" content=\"image\/jpeg\" \/>\n<meta name=\"twitter:card\" content=\"summary_large_image\" \/>\n<meta name=\"twitter:label1\" content=\"Dur\u00e9e de lecture estim\u00e9e\" \/>\n\t<meta name=\"twitter:data1\" content=\"7 minutes\" \/>\n<script type=\"application\/ld+json\" class=\"yoast-schema-graph\">{\"@context\":\"https:\/\/schema.org\",\"@graph\":[{\"@type\":\"WebPage\",\"@id\":\"https:\/\/www.inoxidables.com\/fr\/mentions-legales\/\",\"url\":\"https:\/\/www.inoxidables.com\/fr\/mentions-legales\/\",\"name\":\"Mentions L\u00e9gales - Filinox | Soluciones de acero inoxidable\",\"isPartOf\":{\"@id\":\"https:\/\/www.inoxidables.com\/fr\/#website\"},\"datePublished\":\"2024-05-30T13:20:14+00:00\",\"dateModified\":\"2026-02-25T08:25:54+00:00\",\"breadcrumb\":{\"@id\":\"https:\/\/www.inoxidables.com\/fr\/mentions-legales\/#breadcrumb\"},\"inLanguage\":\"fr-FR\",\"potentialAction\":[{\"@type\":\"ReadAction\",\"target\":[\"https:\/\/www.inoxidables.com\/fr\/mentions-legales\/\"]}]},{\"@type\":\"BreadcrumbList\",\"@id\":\"https:\/\/www.inoxidables.com\/fr\/mentions-legales\/#breadcrumb\",\"itemListElement\":[{\"@type\":\"ListItem\",\"position\":1,\"name\":\"Home\",\"item\":\"https:\/\/www.inoxidables.com\/fr\/\"},{\"@type\":\"ListItem\",\"position\":2,\"name\":\"Mentions L\u00e9gales\"}]},{\"@type\":\"WebSite\",\"@id\":\"https:\/\/www.inoxidables.com\/fr\/#website\",\"url\":\"https:\/\/www.inoxidables.com\/fr\/\",\"name\":\"Filinox - soluciones de acero inoxidable\",\"description\":\"Soluciones de acero inoxidable\",\"publisher\":{\"@id\":\"https:\/\/www.inoxidables.com\/fr\/#organization\"},\"alternateName\":\"Filinox\",\"potentialAction\":[{\"@type\":\"SearchAction\",\"target\":{\"@type\":\"EntryPoint\",\"urlTemplate\":\"https:\/\/www.inoxidables.com\/fr\/?s={search_term_string}\"},\"query-input\":{\"@type\":\"PropertyValueSpecification\",\"valueRequired\":true,\"valueName\":\"search_term_string\"}}],\"inLanguage\":\"fr-FR\"},{\"@type\":\"Organization\",\"@id\":\"https:\/\/www.inoxidables.com\/fr\/#organization\",\"name\":\"Filinox - soluciones de acero inoxidable\",\"url\":\"https:\/\/www.inoxidables.com\/fr\/\",\"logo\":{\"@type\":\"ImageObject\",\"inLanguage\":\"fr-FR\",\"@id\":\"https:\/\/www.inoxidables.com\/fr\/#\/schema\/logo\/image\/\",\"url\":\"https:\/\/www.inoxidables.com\/wp-content\/uploads\/2025\/06\/cropped-60-1-scaled-1.png\",\"contentUrl\":\"https:\/\/www.inoxidables.com\/wp-content\/uploads\/2025\/06\/cropped-60-1-scaled-1.png\",\"width\":2559,\"height\":513,\"caption\":\"Filinox - soluciones de acero inoxidable\"},\"image\":{\"@id\":\"https:\/\/www.inoxidables.com\/fr\/#\/schema\/logo\/image\/\"}}]}<\/script>\n<!-- \/ Yoast SEO plugin. -->","yoast_head_json":{"title":"Mentions L\u00e9gales - Filinox | Soluciones de acero inoxidable","robots":{"index":"index","follow":"follow","max-snippet":"max-snippet:-1","max-image-preview":"max-image-preview:large","max-video-preview":"max-video-preview:-1"},"canonical":"https:\/\/www.inoxidables.com\/fr\/mentions-legales\/","og_locale":"fr_FR","og_type":"article","og_title":"Mentions L\u00e9gales - Filinox | Soluciones de acero inoxidable","og_description":"1. Propri\u00e9t\u00e9 du site Web Conform\u00e9ment \u00e0 l&rsquo;article 10 de la loi 34\/2002 du 11 ... Lire plus","og_url":"https:\/\/www.inoxidables.com\/fr\/mentions-legales\/","og_site_name":"Filinox | Soluciones de acero inoxidable","article_modified_time":"2026-02-25T08:25:54+00:00","og_image":[{"width":1500,"height":1125,"url":"https:\/\/www.inoxidables.com\/wp-content\/uploads\/2024\/04\/garantia-de-que-hacemos-las-cosas-bien_Filinox.jpg","type":"image\/jpeg"}],"twitter_card":"summary_large_image","twitter_misc":{"Dur\u00e9e de lecture estim\u00e9e":"7 minutes"},"schema":{"@context":"https:\/\/schema.org","@graph":[{"@type":"WebPage","@id":"https:\/\/www.inoxidables.com\/fr\/mentions-legales\/","url":"https:\/\/www.inoxidables.com\/fr\/mentions-legales\/","name":"Mentions L\u00e9gales - Filinox | Soluciones de acero inoxidable","isPartOf":{"@id":"https:\/\/www.inoxidables.com\/fr\/#website"},"datePublished":"2024-05-30T13:20:14+00:00","dateModified":"2026-02-25T08:25:54+00:00","breadcrumb":{"@id":"https:\/\/www.inoxidables.com\/fr\/mentions-legales\/#breadcrumb"},"inLanguage":"fr-FR","potentialAction":[{"@type":"ReadAction","target":["https:\/\/www.inoxidables.com\/fr\/mentions-legales\/"]}]},{"@type":"BreadcrumbList","@id":"https:\/\/www.inoxidables.com\/fr\/mentions-legales\/#breadcrumb","itemListElement":[{"@type":"ListItem","position":1,"name":"Home","item":"https:\/\/www.inoxidables.com\/fr\/"},{"@type":"ListItem","position":2,"name":"Mentions L\u00e9gales"}]},{"@type":"WebSite","@id":"https:\/\/www.inoxidables.com\/fr\/#website","url":"https:\/\/www.inoxidables.com\/fr\/","name":"Filinox - soluciones de acero inoxidable","description":"Soluciones de acero inoxidable","publisher":{"@id":"https:\/\/www.inoxidables.com\/fr\/#organization"},"alternateName":"Filinox","potentialAction":[{"@type":"SearchAction","target":{"@type":"EntryPoint","urlTemplate":"https:\/\/www.inoxidables.com\/fr\/?s={search_term_string}"},"query-input":{"@type":"PropertyValueSpecification","valueRequired":true,"valueName":"search_term_string"}}],"inLanguage":"fr-FR"},{"@type":"Organization","@id":"https:\/\/www.inoxidables.com\/fr\/#organization","name":"Filinox - soluciones de acero inoxidable","url":"https:\/\/www.inoxidables.com\/fr\/","logo":{"@type":"ImageObject","inLanguage":"fr-FR","@id":"https:\/\/www.inoxidables.com\/fr\/#\/schema\/logo\/image\/","url":"https:\/\/www.inoxidables.com\/wp-content\/uploads\/2025\/06\/cropped-60-1-scaled-1.png","contentUrl":"https:\/\/www.inoxidables.com\/wp-content\/uploads\/2025\/06\/cropped-60-1-scaled-1.png","width":2559,"height":513,"caption":"Filinox - soluciones de acero inoxidable"},"image":{"@id":"https:\/\/www.inoxidables.com\/fr\/#\/schema\/logo\/image\/"}}]}},"_links":{"self":[{"href":"https:\/\/www.inoxidables.com\/fr\/wp-json\/wp\/v2\/pages\/4696","targetHints":{"allow":["GET"]}}],"collection":[{"href":"https:\/\/www.inoxidables.com\/fr\/wp-json\/wp\/v2\/pages"}],"about":[{"href":"https:\/\/www.inoxidables.com\/fr\/wp-json\/wp\/v2\/types\/page"}],"author":[{"embeddable":true,"href":"https:\/\/www.inoxidables.com\/fr\/wp-json\/wp\/v2\/users\/1"}],"replies":[{"embeddable":true,"href":"https:\/\/www.inoxidables.com\/fr\/wp-json\/wp\/v2\/comments?post=4696"}],"version-history":[{"count":2,"href":"https:\/\/www.inoxidables.com\/fr\/wp-json\/wp\/v2\/pages\/4696\/revisions"}],"predecessor-version":[{"id":8152,"href":"https:\/\/www.inoxidables.com\/fr\/wp-json\/wp\/v2\/pages\/4696\/revisions\/8152"}],"wp:attachment":[{"href":"https:\/\/www.inoxidables.com\/fr\/wp-json\/wp\/v2\/media?parent=4696"}],"curies":[{"name":"wp","href":"https:\/\/api.w.org\/{rel}","templated":true}]}}